{"id":6497,"date":"2021-10-20T18:59:34","date_gmt":"2021-10-20T21:59:34","guid":{"rendered":"https:\/\/www.sames.org.ar\/?page_id=6497"},"modified":"2025-08-23T21:32:59","modified_gmt":"2025-08-24T00:32:59","slug":"cursos-cortos","status":"publish","type":"page","link":"https:\/\/www.sames.org.ar\/index.php\/cursos-cortos\/","title":{"rendered":"CURSOS CORTOS"},"content":{"rendered":"\t\t<div data-elementor-type=\"wp-page\" data-elementor-id=\"6497\" class=\"elementor elementor-6497\">\n\t\t\t\t\t\t<section class=\"elementor-section elementor-top-section elementor-element elementor-element-8efada8 elementor-section-content-middle elementor-section-boxed elementor-section-height-default elementor-section-height-default\" data-id=\"8efada8\" data-element_type=\"section\" data-settings=\"{&quot;background_background&quot;:&quot;classic&quot;,&quot;shape_divider_top&quot;:&quot;tilt&quot;,&quot;shape_divider_bottom&quot;:&quot;tilt&quot;}\">\n\t\t\t\t\t<div class=\"elementor-shape elementor-shape-top\" aria-hidden=\"true\" data-negative=\"false\">\n\t\t\t<svg xmlns=\"http:\/\/www.w3.org\/2000\/svg\" viewBox=\"0 0 1000 100\" preserveAspectRatio=\"none\">\n\t<path class=\"elementor-shape-fill\" d=\"M0,6V0h1000v100L0,6z\"\/>\n<\/svg>\t\t<\/div>\n\t\t\t\t<div class=\"elementor-shape elementor-shape-bottom\" aria-hidden=\"true\" data-negative=\"false\">\n\t\t\t<svg xmlns=\"http:\/\/www.w3.org\/2000\/svg\" viewBox=\"0 0 1000 100\" preserveAspectRatio=\"none\">\n\t<path class=\"elementor-shape-fill\" d=\"M0,6V0h1000v100L0,6z\"\/>\n<\/svg>\t\t<\/div>\n\t\t\t\t\t<div class=\"elementor-container elementor-column-gap-default\">\n\t\t\t\t\t<div class=\"elementor-column elementor-col-33 elementor-top-column elementor-element elementor-element-332984d\" data-id=\"332984d\" data-element_type=\"column\">\n\t\t\t<div class=\"elementor-widget-wrap elementor-element-populated\">\n\t\t\t\t\t\t<div class=\"elementor-element elementor-element-ce6250f elementor-widget elementor-widget-button\" data-id=\"ce6250f\" data-element_type=\"widget\" data-widget_type=\"button.default\">\n\t\t\t\t<div class=\"elementor-widget-container\">\n\t\t\t\t\t\t\t\t\t<div class=\"elementor-button-wrapper\">\n\t\t\t\t\t<a class=\"elementor-button elementor-size-xs\" role=\"button\">\n\t\t\t\t\t\t<span class=\"elementor-button-content-wrapper\">\n\t\t\t\t\t\t<span class=\"elementor-button-icon\">\n\t\t\t\t<i aria-hidden=\"true\" class=\"fas fa-laptop\"><\/i>\t\t\t<\/span>\n\t\t\t\t\t\t\t\t\t<span class=\"elementor-button-text\">ONLINE<\/span>\n\t\t\t\t\t<\/span>\n\t\t\t\t\t<\/a>\n\t\t\t\t<\/div>\n\t\t\t\t\t\t\t\t<\/div>\n\t\t\t\t<\/div>\n\t\t\t\t<div class=\"elementor-element elementor-element-67f08d3 elementor-widget elementor-widget-heading\" data-id=\"67f08d3\" data-element_type=\"widget\" data-widget_type=\"heading.default\">\n\t\t\t\t<div class=\"elementor-widget-container\">\n\t\t\t\t\t<h2 class=\"elementor-heading-title elementor-size-default\"><a href=\"https:\/\/www.sames.org.ar\/index.php\/curso-tcc\/\">Introducci\u00f3n a la Psicolog\u00eda Cognitiva Comportamental: Fundamentos y t\u00e9cnicas de intervenci\u00f3n<\/a><\/h2>\t\t\t\t<\/div>\n\t\t\t\t<\/div>\n\t\t\t\t<div class=\"elementor-element elementor-element-58e8c88 elementor-widget elementor-widget-text-editor\" data-id=\"58e8c88\" data-element_type=\"widget\" data-widget_type=\"text-editor.default\">\n\t\t\t\t<div class=\"elementor-widget-container\">\n\t\t\t\t\t\t\t\t\t<p>INICIA:\u00a0 8 de septiembre de 2025<\/p>\t\t\t\t\t\t\t\t<\/div>\n\t\t\t\t<\/div>\n\t\t\t\t<div class=\"elementor-element elementor-element-2fbd0d1 elementor-tablet-align-center elementor-align-left elementor-widget elementor-widget-button\" data-id=\"2fbd0d1\" data-element_type=\"widget\" data-widget_type=\"button.default\">\n\t\t\t\t<div class=\"elementor-widget-container\">\n\t\t\t\t\t\t\t\t\t<div class=\"elementor-button-wrapper\">\n\t\t\t\t\t<a class=\"elementor-button elementor-button-link elementor-size-sm\" href=\"https:\/\/www.sames.org.ar\/index.php\/curso-tcc\/\">\n\t\t\t\t\t\t<span class=\"elementor-button-content-wrapper\">\n\t\t\t\t\t\t\t\t\t<span class=\"elementor-button-text\">+ INFO<\/span>\n\t\t\t\t\t<\/span>\n\t\t\t\t\t<\/a>\n\t\t\t\t<\/div>\n\t\t\t\t\t\t\t\t<\/div>\n\t\t\t\t<\/div>\n\t\t\t\t\t<\/div>\n\t\t<\/div>\n\t\t\t\t<div class=\"elementor-column elementor-col-33 elementor-top-column elementor-element elementor-element-d58135c\" data-id=\"d58135c\" data-element_type=\"column\">\n\t\t\t<div class=\"elementor-widget-wrap elementor-element-populated\">\n\t\t\t\t\t\t<div class=\"elementor-element elementor-element-69d72a4 elementor-widget elementor-widget-button\" data-id=\"69d72a4\" data-element_type=\"widget\" data-widget_type=\"button.default\">\n\t\t\t\t<div class=\"elementor-widget-container\">\n\t\t\t\t\t\t\t\t\t<div class=\"elementor-button-wrapper\">\n\t\t\t\t\t<a class=\"elementor-button elementor-size-xs\" role=\"button\">\n\t\t\t\t\t\t<span class=\"elementor-button-content-wrapper\">\n\t\t\t\t\t\t<span class=\"elementor-button-icon\">\n\t\t\t\t<i aria-hidden=\"true\" class=\"fas fa-laptop\"><\/i>\t\t\t<\/span>\n\t\t\t\t\t\t\t\t\t<span class=\"elementor-button-text\">ONLINE<\/span>\n\t\t\t\t\t<\/span>\n\t\t\t\t\t<\/a>\n\t\t\t\t<\/div>\n\t\t\t\t\t\t\t\t<\/div>\n\t\t\t\t<\/div>\n\t\t\t\t<div class=\"elementor-element elementor-element-1edf9d4 elementor-widget elementor-widget-heading\" data-id=\"1edf9d4\" data-element_type=\"widget\" data-widget_type=\"heading.default\">\n\t\t\t\t<div class=\"elementor-widget-container\">\n\t\t\t\t\t<h2 class=\"elementor-heading-title elementor-size-default\"><a href=\"https:\/\/www.sames.org.ar\/index.php\/cursos-cortos-ta\/\">Trastornos de ansiedad: <br>\nEvaluaci\u00f3n psicol\u00f3gica y estrategias de intervenci\u00f3n<\/a><\/h2>\t\t\t\t<\/div>\n\t\t\t\t<\/div>\n\t\t\t\t<div class=\"elementor-element elementor-element-540dc2f elementor-widget elementor-widget-spacer\" data-id=\"540dc2f\" data-element_type=\"widget\" data-widget_type=\"spacer.default\">\n\t\t\t\t<div class=\"elementor-widget-container\">\n\t\t\t\t\t\t\t<div class=\"elementor-spacer\">\n\t\t\t<div class=\"elementor-spacer-inner\"><\/div>\n\t\t<\/div>\n\t\t\t\t\t\t<\/div>\n\t\t\t\t<\/div>\n\t\t\t\t<div class=\"elementor-element elementor-element-6ec7403 elementor-widget elementor-widget-text-editor\" data-id=\"6ec7403\" data-element_type=\"widget\" data-widget_type=\"text-editor.default\">\n\t\t\t\t<div class=\"elementor-widget-container\">\n\t\t\t\t\t\t\t\t\t<p>INICIA: 6 de octubre de 2025<\/p>\t\t\t\t\t\t\t\t<\/div>\n\t\t\t\t<\/div>\n\t\t\t\t<div class=\"elementor-element elementor-element-ceaec57 elementor-tablet-align-center elementor-align-left elementor-widget elementor-widget-button\" data-id=\"ceaec57\" data-element_type=\"widget\" data-widget_type=\"button.default\">\n\t\t\t\t<div class=\"elementor-widget-container\">\n\t\t\t\t\t\t\t\t\t<div class=\"elementor-button-wrapper\">\n\t\t\t\t\t<a class=\"elementor-button elementor-button-link elementor-size-sm\" href=\"https:\/\/www.sames.org.ar\/index.php\/cursos-cortos-ta\/\">\n\t\t\t\t\t\t<span class=\"elementor-button-content-wrapper\">\n\t\t\t\t\t\t\t\t\t<span class=\"elementor-button-text\">+ INFO<\/span>\n\t\t\t\t\t<\/span>\n\t\t\t\t\t<\/a>\n\t\t\t\t<\/div>\n\t\t\t\t\t\t\t\t<\/div>\n\t\t\t\t<\/div>\n\t\t\t\t\t<\/div>\n\t\t<\/div>\n\t\t\t\t<div class=\"elementor-column elementor-col-33 elementor-top-column elementor-element elementor-element-193a0f6\" data-id=\"193a0f6\" data-element_type=\"column\">\n\t\t\t<div class=\"elementor-widget-wrap elementor-element-populated\">\n\t\t\t\t\t\t<div class=\"elementor-element elementor-element-d957d09 elementor-widget elementor-widget-button\" data-id=\"d957d09\" data-element_type=\"widget\" data-widget_type=\"button.default\">\n\t\t\t\t<div class=\"elementor-widget-container\">\n\t\t\t\t\t\t\t\t\t<div class=\"elementor-button-wrapper\">\n\t\t\t\t\t<a class=\"elementor-button elementor-size-xs\" role=\"button\">\n\t\t\t\t\t\t<span class=\"elementor-button-content-wrapper\">\n\t\t\t\t\t\t<span class=\"elementor-button-icon\">\n\t\t\t\t<i aria-hidden=\"true\" class=\"fas fa-laptop\"><\/i>\t\t\t<\/span>\n\t\t\t\t\t\t\t\t\t<span class=\"elementor-button-text\">ONLINE<\/span>\n\t\t\t\t\t<\/span>\n\t\t\t\t\t<\/a>\n\t\t\t\t<\/div>\n\t\t\t\t\t\t\t\t<\/div>\n\t\t\t\t<\/div>\n\t\t\t\t<div class=\"elementor-element elementor-element-af38eed elementor-widget elementor-widget-heading\" data-id=\"af38eed\" data-element_type=\"widget\" data-widget_type=\"heading.default\">\n\t\t\t\t<div class=\"elementor-widget-container\">\n\t\t\t\t\t<h2 class=\"elementor-heading-title elementor-size-default\"><a href=\"https:\/\/www.sames.org.ar\/index.php\/cursos-cortos-ta\/\">Psicolog\u00eda Positiva &amp; Estr\u00e9s: <br>\nEstrategias de intervenci\u00f3n<\/a><\/h2>\t\t\t\t<\/div>\n\t\t\t\t<\/div>\n\t\t\t\t<div class=\"elementor-element elementor-element-e13e4db elementor-widget elementor-widget-spacer\" data-id=\"e13e4db\" data-element_type=\"widget\" data-widget_type=\"spacer.default\">\n\t\t\t\t<div class=\"elementor-widget-container\">\n\t\t\t\t\t\t\t<div class=\"elementor-spacer\">\n\t\t\t<div class=\"elementor-spacer-inner\"><\/div>\n\t\t<\/div>\n\t\t\t\t\t\t<\/div>\n\t\t\t\t<\/div>\n\t\t\t\t<div class=\"elementor-element elementor-element-8964edf elementor-widget elementor-widget-text-editor\" data-id=\"8964edf\" data-element_type=\"widget\" data-widget_type=\"text-editor.default\">\n\t\t\t\t<div class=\"elementor-widget-container\">\n\t\t\t\t\t\t\t\t\t<p>INICIA:\u00a0 3 de noviembre de 2025<\/p>\t\t\t\t\t\t\t\t<\/div>\n\t\t\t\t<\/div>\n\t\t\t\t<div class=\"elementor-element elementor-element-b394bf2 elementor-tablet-align-center elementor-align-left elementor-widget elementor-widget-button\" data-id=\"b394bf2\" data-element_type=\"widget\" data-widget_type=\"button.default\">\n\t\t\t\t<div class=\"elementor-widget-container\">\n\t\t\t\t\t\t\t\t\t<div class=\"elementor-button-wrapper\">\n\t\t\t\t\t<a class=\"elementor-button elementor-button-link elementor-size-sm\" href=\"https:\/\/www.sames.org.ar\/index.php\/curso-pp\/\">\n\t\t\t\t\t\t<span class=\"elementor-button-content-wrapper\">\n\t\t\t\t\t\t\t\t\t<span class=\"elementor-button-text\">+ INFO<\/span>\n\t\t\t\t\t<\/span>\n\t\t\t\t\t<\/a>\n\t\t\t\t<\/div>\n\t\t\t\t\t\t\t\t<\/div>\n\t\t\t\t<\/div>\n\t\t\t\t\t<\/div>\n\t\t<\/div>\n\t\t\t\t\t<\/div>\n\t\t<\/section>\n\t\t\t\t<\/div>\n\t\t","protected":false},"excerpt":{"rendered":"<p>ONLINE Introducci\u00f3n a la Psicolog\u00eda Cognitiva Comportamental: Fundamentos y t\u00e9cnicas de intervenci\u00f3n INICIA:\u00a0 8 de septiembre de 2025 + INFO ONLINE Trastornos de ansiedad: Evaluaci\u00f3n psicol\u00f3gica y estrategias de intervenci\u00f3n INICIA: 6 de octubre de 2025 + INFO ONLINE Psicolog\u00eda Positiva &amp; Estr\u00e9s: Estrategias de intervenci\u00f3n INICIA:\u00a0 3 de noviembre de 2025 + INFO<\/p>\n","protected":false},"author":1,"featured_media":0,"parent":0,"menu_order":0,"comment_status":"closed","ping_status":"closed","template":"","meta":{"_kad_post_transparent":"default","_kad_post_title":"above","_kad_post_layout":"fullwidth","_kad_post_sidebar_id":"","_kad_post_content_style":"unboxed","_kad_post_vertical_padding":"hide","_kad_post_feature":"hide","_kad_post_feature_position":"","_kad_post_header":false,"_kad_post_footer":false,"_kad_post_classname":"","footnotes":""},"class_list":["post-6497","page","type-page","status-publish","hentry"],"yoast_head":"<!-- This site is optimized with the Yoast SEO plugin v26.7 - https:\/\/yoast.com\/wordpress\/plugins\/seo\/ -->\n<title>Cursos cortos Sames<\/title>\n<meta name=\"robots\" content=\"index, follow, max-snippet:-1, max-image-preview:large, max-video-preview:-1\" \/>\n<link rel=\"canonical\" href=\"https:\/\/www.sames.org.ar\/index.php\/cursos-cortos\/\" \/>\n<meta property=\"og:locale\" content=\"es_ES\" \/>\n<meta property=\"og:type\" content=\"article\" \/>\n<meta property=\"og:title\" content=\"Cursos cortos Sames\" \/>\n<meta property=\"og:description\" content=\"ONLINE Introducci\u00f3n a la Psicolog\u00eda Cognitiva Comportamental: Fundamentos y t\u00e9cnicas de intervenci\u00f3n INICIA:\u00a0 8 de septiembre de 2025 + INFO ONLINE Trastornos de ansiedad: Evaluaci\u00f3n psicol\u00f3gica y estrategias de intervenci\u00f3n INICIA: 6 de octubre de 2025 + INFO ONLINE Psicolog\u00eda Positiva &amp; Estr\u00e9s: Estrategias de intervenci\u00f3n INICIA:\u00a0 3 de noviembre de 2025 + INFO\" \/>\n<meta property=\"og:url\" content=\"https:\/\/www.sames.org.ar\/index.php\/cursos-cortos\/\" \/>\n<meta property=\"og:site_name\" content=\"Sames\" \/>\n<meta property=\"article:modified_time\" content=\"2025-08-24T00:32:59+00:00\" \/>\n<meta name=\"twitter:card\" content=\"summary_large_image\" \/>\n<meta name=\"twitter:label1\" content=\"Tiempo de lectura\" \/>\n\t<meta name=\"twitter:data1\" content=\"1 minuto\" \/>\n<script type=\"application\/ld+json\" class=\"yoast-schema-graph\">{\"@context\":\"https:\/\/schema.org\",\"@graph\":[{\"@type\":\"WebPage\",\"@id\":\"https:\/\/www.sames.org.ar\/index.php\/cursos-cortos\/\",\"url\":\"https:\/\/www.sames.org.ar\/index.php\/cursos-cortos\/\",\"name\":\"Cursos cortos Sames\",\"isPartOf\":{\"@id\":\"https:\/\/www.sames.org.ar\/#website\"},\"datePublished\":\"2021-10-20T21:59:34+00:00\",\"dateModified\":\"2025-08-24T00:32:59+00:00\",\"breadcrumb\":{\"@id\":\"https:\/\/www.sames.org.ar\/index.php\/cursos-cortos\/#breadcrumb\"},\"inLanguage\":\"es-AR\",\"potentialAction\":[{\"@type\":\"ReadAction\",\"target\":[\"https:\/\/www.sames.org.ar\/index.php\/cursos-cortos\/\"]}]},{\"@type\":\"BreadcrumbList\",\"@id\":\"https:\/\/www.sames.org.ar\/index.php\/cursos-cortos\/#breadcrumb\",\"itemListElement\":[{\"@type\":\"ListItem\",\"position\":1,\"name\":\"Inicio\",\"item\":\"https:\/\/www.sames.org.ar\/\"},{\"@type\":\"ListItem\",\"position\":2,\"name\":\"CURSOS CORTOS\"}]},{\"@type\":\"WebSite\",\"@id\":\"https:\/\/www.sames.org.ar\/#website\",\"url\":\"https:\/\/www.sames.org.ar\/\",\"name\":\"Sames\",\"description\":\"Sociedad Argentina de medicina del Estres\",\"publisher\":{\"@id\":\"https:\/\/www.sames.org.ar\/#organization\"},\"potentialAction\":[{\"@type\":\"SearchAction\",\"target\":{\"@type\":\"EntryPoint\",\"urlTemplate\":\"https:\/\/www.sames.org.ar\/?s={search_term_string}\"},\"query-input\":{\"@type\":\"PropertyValueSpecification\",\"valueRequired\":true,\"valueName\":\"search_term_string\"}}],\"inLanguage\":\"es-AR\"},{\"@type\":\"Organization\",\"@id\":\"https:\/\/www.sames.org.ar\/#organization\",\"name\":\"Sames\",\"url\":\"https:\/\/www.sames.org.ar\/\",\"logo\":{\"@type\":\"ImageObject\",\"inLanguage\":\"es-AR\",\"@id\":\"https:\/\/www.sames.org.ar\/#\/schema\/logo\/image\/\",\"url\":\"https:\/\/www.sames.org.ar\/wp-content\/uploads\/2021\/01\/cropped-cropped-cropped-logo_sames.png\",\"contentUrl\":\"https:\/\/www.sames.org.ar\/wp-content\/uploads\/2021\/01\/cropped-cropped-cropped-logo_sames.png\",\"width\":466,\"height\":110,\"caption\":\"Sames\"},\"image\":{\"@id\":\"https:\/\/www.sames.org.ar\/#\/schema\/logo\/image\/\"}}]}<\/script>\n<!-- \/ Yoast SEO plugin. -->","yoast_head_json":{"title":"Cursos cortos Sames","robots":{"index":"index","follow":"follow","max-snippet":"max-snippet:-1","max-image-preview":"max-image-preview:large","max-video-preview":"max-video-preview:-1"},"canonical":"https:\/\/www.sames.org.ar\/index.php\/cursos-cortos\/","og_locale":"es_ES","og_type":"article","og_title":"Cursos cortos Sames","og_description":"ONLINE Introducci\u00f3n a la Psicolog\u00eda Cognitiva Comportamental: Fundamentos y t\u00e9cnicas de intervenci\u00f3n INICIA:\u00a0 8 de septiembre de 2025 + INFO ONLINE Trastornos de ansiedad: Evaluaci\u00f3n psicol\u00f3gica y estrategias de intervenci\u00f3n INICIA: 6 de octubre de 2025 + INFO ONLINE Psicolog\u00eda Positiva &amp; Estr\u00e9s: Estrategias de intervenci\u00f3n INICIA:\u00a0 3 de noviembre de 2025 + INFO","og_url":"https:\/\/www.sames.org.ar\/index.php\/cursos-cortos\/","og_site_name":"Sames","article_modified_time":"2025-08-24T00:32:59+00:00","twitter_card":"summary_large_image","twitter_misc":{"Tiempo de lectura":"1 minuto"},"schema":{"@context":"https:\/\/schema.org","@graph":[{"@type":"WebPage","@id":"https:\/\/www.sames.org.ar\/index.php\/cursos-cortos\/","url":"https:\/\/www.sames.org.ar\/index.php\/cursos-cortos\/","name":"Cursos cortos Sames","isPartOf":{"@id":"https:\/\/www.sames.org.ar\/#website"},"datePublished":"2021-10-20T21:59:34+00:00","dateModified":"2025-08-24T00:32:59+00:00","breadcrumb":{"@id":"https:\/\/www.sames.org.ar\/index.php\/cursos-cortos\/#breadcrumb"},"inLanguage":"es-AR","potentialAction":[{"@type":"ReadAction","target":["https:\/\/www.sames.org.ar\/index.php\/cursos-cortos\/"]}]},{"@type":"BreadcrumbList","@id":"https:\/\/www.sames.org.ar\/index.php\/cursos-cortos\/#breadcrumb","itemListElement":[{"@type":"ListItem","position":1,"name":"Inicio","item":"https:\/\/www.sames.org.ar\/"},{"@type":"ListItem","position":2,"name":"CURSOS CORTOS"}]},{"@type":"WebSite","@id":"https:\/\/www.sames.org.ar\/#website","url":"https:\/\/www.sames.org.ar\/","name":"Sames","description":"Sociedad Argentina de medicina del Estres","publisher":{"@id":"https:\/\/www.sames.org.ar\/#organization"},"potentialAction":[{"@type":"SearchAction","target":{"@type":"EntryPoint","urlTemplate":"https:\/\/www.sames.org.ar\/?s={search_term_string}"},"query-input":{"@type":"PropertyValueSpecification","valueRequired":true,"valueName":"search_term_string"}}],"inLanguage":"es-AR"},{"@type":"Organization","@id":"https:\/\/www.sames.org.ar\/#organization","name":"Sames","url":"https:\/\/www.sames.org.ar\/","logo":{"@type":"ImageObject","inLanguage":"es-AR","@id":"https:\/\/www.sames.org.ar\/#\/schema\/logo\/image\/","url":"https:\/\/www.sames.org.ar\/wp-content\/uploads\/2021\/01\/cropped-cropped-cropped-logo_sames.png","contentUrl":"https:\/\/www.sames.org.ar\/wp-content\/uploads\/2021\/01\/cropped-cropped-cropped-logo_sames.png","width":466,"height":110,"caption":"Sames"},"image":{"@id":"https:\/\/www.sames.org.ar\/#\/schema\/logo\/image\/"}}]}},"_links":{"self":[{"href":"https:\/\/www.sames.org.ar\/index.php\/wp-json\/wp\/v2\/pages\/6497","targetHints":{"allow":["GET"]}}],"collection":[{"href":"https:\/\/www.sames.org.ar\/index.php\/wp-json\/wp\/v2\/pages"}],"about":[{"href":"https:\/\/www.sames.org.ar\/index.php\/wp-json\/wp\/v2\/types\/page"}],"author":[{"embeddable":true,"href":"https:\/\/www.sames.org.ar\/index.php\/wp-json\/wp\/v2\/users\/1"}],"replies":[{"embeddable":true,"href":"https:\/\/www.sames.org.ar\/index.php\/wp-json\/wp\/v2\/comments?post=6497"}],"version-history":[{"count":73,"href":"https:\/\/www.sames.org.ar\/index.php\/wp-json\/wp\/v2\/pages\/6497\/revisions"}],"predecessor-version":[{"id":24017,"href":"https:\/\/www.sames.org.ar\/index.php\/wp-json\/wp\/v2\/pages\/6497\/revisions\/24017"}],"wp:attachment":[{"href":"https:\/\/www.sames.org.ar\/index.php\/wp-json\/wp\/v2\/media?parent=6497"}],"curies":[{"name":"wp","href":"https:\/\/api.w.org\/{rel}","templated":true}]}}