{"id":1132,"date":"2021-02-10T20:31:27","date_gmt":"2021-02-10T23:31:27","guid":{"rendered":"https:\/\/www.sames.org.ar\/?page_id=1132"},"modified":"2021-07-08T22:19:29","modified_gmt":"2021-07-09T01:19:29","slug":"conferencias","status":"publish","type":"page","link":"https:\/\/www.sames.org.ar\/index.php\/conferencias\/","title":{"rendered":"Conferencias"},"content":{"rendered":"\t\t<div data-elementor-type=\"wp-page\" data-elementor-id=\"1132\" class=\"elementor elementor-1132\">\n\t\t\t\t\t\t<section class=\"elementor-section elementor-top-section elementor-element elementor-element-ca29b25 elementor-section-content-middle elementor-section-boxed elementor-section-height-default elementor-section-height-default\" data-id=\"ca29b25\" data-element_type=\"section\" data-settings=\"{&quot;background_background&quot;:&quot;classic&quot;,&quot;shape_divider_top&quot;:&quot;tilt&quot;,&quot;shape_divider_bottom&quot;:&quot;tilt&quot;}\">\n\t\t\t\t\t<div class=\"elementor-shape elementor-shape-top\" aria-hidden=\"true\" data-negative=\"false\">\n\t\t\t<svg xmlns=\"http:\/\/www.w3.org\/2000\/svg\" viewBox=\"0 0 1000 100\" preserveAspectRatio=\"none\">\n\t<path class=\"elementor-shape-fill\" d=\"M0,6V0h1000v100L0,6z\"\/>\n<\/svg>\t\t<\/div>\n\t\t\t\t<div class=\"elementor-shape elementor-shape-bottom\" aria-hidden=\"true\" data-negative=\"false\">\n\t\t\t<svg xmlns=\"http:\/\/www.w3.org\/2000\/svg\" viewBox=\"0 0 1000 100\" preserveAspectRatio=\"none\">\n\t<path class=\"elementor-shape-fill\" d=\"M0,6V0h1000v100L0,6z\"\/>\n<\/svg>\t\t<\/div>\n\t\t\t\t\t<div class=\"elementor-container elementor-column-gap-default\">\n\t\t\t\t\t<div class=\"elementor-column elementor-col-50 elementor-top-column elementor-element elementor-element-07be84c\" data-id=\"07be84c\" data-element_type=\"column\">\n\t\t\t<div class=\"elementor-widget-wrap elementor-element-populated\">\n\t\t\t\t\t\t<div class=\"elementor-element elementor-element-1340a1b elementor-arrows-position-inside elementor-invisible elementor-widget elementor-widget-image-carousel\" data-id=\"1340a1b\" data-element_type=\"widget\" data-settings=\"{&quot;slides_to_show&quot;:&quot;1&quot;,&quot;navigation&quot;:&quot;arrows&quot;,&quot;pause_on_hover&quot;:&quot;no&quot;,&quot;effect&quot;:&quot;fade&quot;,&quot;speed&quot;:700,&quot;_animation&quot;:&quot;fadeIn&quot;,&quot;autoplay&quot;:&quot;yes&quot;,&quot;pause_on_interaction&quot;:&quot;yes&quot;,&quot;autoplay_speed&quot;:5000,&quot;infinite&quot;:&quot;yes&quot;}\" data-widget_type=\"image-carousel.default\">\n\t\t\t\t<div class=\"elementor-widget-container\">\n\t\t\t\t\t\t\t<div class=\"elementor-image-carousel-wrapper swiper\" role=\"region\" aria-roledescription=\"carousel\" aria-label=\"Carrusel de im\u00e1genes\" dir=\"ltr\">\n\t\t\t<div class=\"elementor-image-carousel swiper-wrapper swiper-image-stretch\" aria-live=\"off\">\n\t\t\t\t\t\t\t\t<div class=\"swiper-slide\" role=\"group\" aria-roledescription=\"slide\" aria-label=\"1 of 3\"><figure class=\"swiper-slide-inner\"><img decoding=\"async\" class=\"swiper-slide-image\" src=\"https:\/\/www.sames.org.ar\/wp-content\/uploads\/2021\/03\/conferencias1.jpg\" alt=\"conferencias1\" \/><\/figure><\/div><div class=\"swiper-slide\" role=\"group\" aria-roledescription=\"slide\" aria-label=\"2 of 3\"><figure class=\"swiper-slide-inner\"><img decoding=\"async\" class=\"swiper-slide-image\" src=\"https:\/\/www.sames.org.ar\/wp-content\/uploads\/2021\/03\/conferencias2.jpg\" alt=\"conferencias2\" \/><\/figure><\/div><div class=\"swiper-slide\" role=\"group\" aria-roledescription=\"slide\" aria-label=\"3 of 3\"><figure class=\"swiper-slide-inner\"><img decoding=\"async\" class=\"swiper-slide-image\" src=\"https:\/\/www.sames.org.ar\/wp-content\/uploads\/2021\/03\/conferencias3.jpg\" alt=\"conferencias3\" \/><\/figure><\/div>\t\t\t<\/div>\n\t\t\t\t\t\t\t\t\t\t\t\t<div class=\"elementor-swiper-button elementor-swiper-button-prev\" role=\"button\" tabindex=\"0\">\n\t\t\t\t\t\t<i aria-hidden=\"true\" class=\"eicon-chevron-left\"><\/i>\t\t\t\t\t<\/div>\n\t\t\t\t\t<div class=\"elementor-swiper-button elementor-swiper-button-next\" role=\"button\" tabindex=\"0\">\n\t\t\t\t\t\t<i aria-hidden=\"true\" class=\"eicon-chevron-right\"><\/i>\t\t\t\t\t<\/div>\n\t\t\t\t\n\t\t\t\t\t\t\t\t\t<\/div>\n\t\t\t\t\t\t<\/div>\n\t\t\t\t<\/div>\n\t\t\t\t\t<\/div>\n\t\t<\/div>\n\t\t\t\t<div class=\"elementor-column elementor-col-50 elementor-top-column elementor-element elementor-element-27f8506\" data-id=\"27f8506\" data-element_type=\"column\">\n\t\t\t<div class=\"elementor-widget-wrap elementor-element-populated\">\n\t\t\t\t\t\t<div class=\"elementor-element elementor-element-4de24b1 elementor-widget elementor-widget-text-editor\" data-id=\"4de24b1\" data-element_type=\"widget\" data-widget_type=\"text-editor.default\">\n\t\t\t\t<div class=\"elementor-widget-container\">\n\t\t\t\t\t\t\t\t\t<p><strong>La Sociedad Argentina de Medicina del Estr\u00e9s<\/strong> (SAMES) en su plan de extensi\u00f3n cultural y cient\u00edfica ofrece conferencias\u00a0y entrevistas\u00a0con el objetivo de generar concientizaci\u00f3n sobre temas de salud en general, s\u00edndrome del estr\u00e9s y calidad de vida entre otros.<br \/>Para\u00a0contrataciones del\u00a0\u00a0<strong>Dr. Daniel L\u00f3pez Rosetti<\/strong> completar el formulario adjunto.<\/p>\t\t\t\t\t\t\t\t<\/div>\n\t\t\t\t<\/div>\n\t\t\t\t<div class=\"elementor-element elementor-element-4ea7e96 elementor-widget elementor-widget-text-editor\" data-id=\"4ea7e96\" data-element_type=\"widget\" data-widget_type=\"text-editor.default\">\n\t\t\t\t<div class=\"elementor-widget-container\">\n\t\t\t\t\t\t\t\t\t<p>Tambi\u00e9n puede comunicarse con nosotros de<br \/><strong>Lunes a viernes de 13:00 hs a 18:00h al 4800- 1242.<\/strong><\/p>\t\t\t\t\t\t\t\t<\/div>\n\t\t\t\t<\/div>\n\t\t\t\t\t<\/div>\n\t\t<\/div>\n\t\t\t\t\t<\/div>\n\t\t<\/section>\n\t\t\t\t<section class=\"elementor-section elementor-top-section elementor-element elementor-element-50012a6 elementor-section-boxed elementor-section-height-default elementor-section-height-default\" data-id=\"50012a6\" data-element_type=\"section\">\n\t\t\t\t\t\t<div class=\"elementor-container elementor-column-gap-default\">\n\t\t\t\t\t<div class=\"elementor-column elementor-col-100 elementor-top-column elementor-element elementor-element-89ad87f\" data-id=\"89ad87f\" data-element_type=\"column\">\n\t\t\t<div class=\"elementor-widget-wrap elementor-element-populated\">\n\t\t\t\t\t\t<div class=\"elementor-element elementor-element-346ec7d elementor-widget elementor-widget-spacer\" data-id=\"346ec7d\" data-element_type=\"widget\" data-widget_type=\"spacer.default\">\n\t\t\t\t<div class=\"elementor-widget-container\">\n\t\t\t\t\t\t\t<div class=\"elementor-spacer\">\n\t\t\t<div class=\"elementor-spacer-inner\"><\/div>\n\t\t<\/div>\n\t\t\t\t\t\t<\/div>\n\t\t\t\t<\/div>\n\t\t\t\t<div class=\"elementor-element elementor-element-aa69942 elementor-widget elementor-widget-heading\" data-id=\"aa69942\" data-element_type=\"widget\" data-widget_type=\"heading.default\">\n\t\t\t\t<div class=\"elementor-widget-container\">\n\t\t\t\t\t<h2 class=\"elementor-heading-title elementor-size-default\">Solicitud de Informaci\u00f3n sobre Conferencias<\/h2>\t\t\t\t<\/div>\n\t\t\t\t<\/div>\n\t\t\t\t<div class=\"elementor-element elementor-element-251d957 elementor-widget elementor-widget-text-editor\" data-id=\"251d957\" data-element_type=\"widget\" data-widget_type=\"text-editor.default\">\n\t\t\t\t<div class=\"elementor-widget-container\">\n\t\t\t\t\t\t\t\t\t<p style=\"text-align: center;\">Complete el formulario para solicitar informaci\u00f3n<\/p>\t\t\t\t\t\t\t\t<\/div>\n\t\t\t\t<\/div>\n\t\t\t\t\t<\/div>\n\t\t<\/div>\n\t\t\t\t\t<\/div>\n\t\t<\/section>\n\t\t\t\t<section class=\"elementor-section elementor-top-section elementor-element elementor-element-84058d3 elementor-section-boxed elementor-section-height-default elementor-section-height-default\" data-id=\"84058d3\" data-element_type=\"section\">\n\t\t\t\t\t\t<div class=\"elementor-container elementor-column-gap-default\">\n\t\t\t\t\t<div class=\"elementor-column elementor-col-100 elementor-top-column elementor-element elementor-element-917332a\" data-id=\"917332a\" data-element_type=\"column\">\n\t\t\t<div class=\"elementor-widget-wrap elementor-element-populated\">\n\t\t\t\t\t\t<div class=\"elementor-element elementor-element-4cd3f4b elementor-widget elementor-widget-htmega-contactform-addons\" data-id=\"4cd3f4b\" data-element_type=\"widget\" data-widget_type=\"htmega-contactform-addons.default\">\n\t\t\t\t<div class=\"elementor-widget-container\">\n\t\t\t\t\t            <div class=\"htmega-form-wrapper sid4cd3f4b htmega-form-style-3\" >\n                \n<div class=\"wpcf7 no-js\" id=\"wpcf7-f1361-o1\" lang=\"es-AR\" dir=\"ltr\" data-wpcf7-id=\"1361\">\n<div class=\"screen-reader-response\"><p role=\"status\" aria-live=\"polite\" aria-atomic=\"true\"><\/p> <ul><\/ul><\/div>\n<form action=\"\/index.php\/wp-json\/wp\/v2\/pages\/1132#wpcf7-f1361-o1\" method=\"post\" class=\"wpcf7-form init\" aria-label=\"Formulario de contacto\" novalidate=\"novalidate\" data-status=\"init\">\n<fieldset class=\"hidden-fields-container\"><input type=\"hidden\" name=\"_wpcf7\" value=\"1361\" \/><input type=\"hidden\" name=\"_wpcf7_version\" value=\"6.1.4\" \/><input type=\"hidden\" name=\"_wpcf7_locale\" value=\"es_AR\" \/><input type=\"hidden\" name=\"_wpcf7_unit_tag\" value=\"wpcf7-f1361-o1\" \/><input type=\"hidden\" name=\"_wpcf7_container_post\" value=\"0\" \/><input type=\"hidden\" name=\"_wpcf7_posted_data_hash\" value=\"\" \/><input type=\"hidden\" name=\"_wpcf7_recaptcha_response\" value=\"\" \/>\n<\/fieldset>\n<p><label> Apellido *<br \/>\n<span class=\"wpcf7-form-control-wrap\" data-name=\"apellido\"><input size=\"40\" maxlength=\"400\" class=\"wpcf7-form-control wpcf7-text wpcf7-validates-as-required\" aria-required=\"true\" aria-invalid=\"false\" value=\"\" type=\"text\" name=\"apellido\" \/><\/span> <\/label>\n<\/p>\n<p><label> Nombre *<br \/>\n<span class=\"wpcf7-form-control-wrap\" data-name=\"your-name\"><input size=\"40\" maxlength=\"400\" class=\"wpcf7-form-control wpcf7-text wpcf7-validates-as-required\" aria-required=\"true\" aria-invalid=\"false\" value=\"\" type=\"text\" name=\"your-name\" \/><\/span> <\/label>\n<\/p>\n<p><label> Email *<br \/>\n<span class=\"wpcf7-form-control-wrap\" data-name=\"your-email\"><input size=\"40\" maxlength=\"400\" class=\"wpcf7-form-control wpcf7-email wpcf7-validates-as-required wpcf7-text wpcf7-validates-as-email\" aria-required=\"true\" aria-invalid=\"false\" value=\"\" type=\"email\" name=\"your-email\" \/><\/span> <\/label>\n<\/p>\n<p><label> Tel\u00e9fono *<br \/>\n<span class=\"wpcf7-form-control-wrap\" data-name=\"telefono\"><input size=\"40\" maxlength=\"400\" class=\"wpcf7-form-control wpcf7-tel wpcf7-validates-as-required wpcf7-text wpcf7-validates-as-tel\" aria-required=\"true\" aria-invalid=\"false\" value=\"\" type=\"tel\" name=\"telefono\" \/><\/span> <\/label>\n<\/p>\n<p><label> Empresa \/ Organizaci\u00f3n *<br \/>\n<span class=\"wpcf7-form-control-wrap\" data-name=\"empresa\"><input size=\"40\" maxlength=\"400\" class=\"wpcf7-form-control wpcf7-text wpcf7-validates-as-required\" aria-required=\"true\" aria-invalid=\"false\" value=\"\" type=\"text\" name=\"empresa\" \/><\/span> <\/label>\n<\/p>\n<p><label> Datos de la conferencia<br \/>\n<span class=\"wpcf7-form-control-wrap\" data-name=\"your-message\"><textarea cols=\"40\" rows=\"10\" maxlength=\"2000\" class=\"wpcf7-form-control wpcf7-textarea\" aria-invalid=\"false\" name=\"your-message\">Indicando: Fecha estimada - Horarios estimados - Temas de inter\u00e9s - Tipo de p\u00fablico - Plataforma online (Zoom, Ig, Webinar, Cisco Webex, Live U, etc.) - Din\u00e1mica de la presentaci\u00f3n<\/textarea><\/span> <\/label>\n<\/p>\n<p><input class=\"wpcf7-form-control wpcf7-submit has-spinner\" type=\"submit\" value=\"Enviar\" \/>\n<\/p><p style=\"display: none !important;\" class=\"akismet-fields-container\" data-prefix=\"_wpcf7_ak_\"><label>&#916;<textarea name=\"_wpcf7_ak_hp_textarea\" cols=\"45\" rows=\"8\" maxlength=\"100\"><\/textarea><\/label><input type=\"hidden\" id=\"ak_js_1\" name=\"_wpcf7_ak_js\" value=\"209\"\/><script>document.getElementById( \"ak_js_1\" ).setAttribute( \"value\", ( new Date() ).getTime() );<\/script><\/p><div class=\"wpcf7-response-output\" aria-hidden=\"true\"><\/div>\n<\/form>\n<\/div>\n            <\/div>\n\n\n        \t\t\t\t<\/div>\n\t\t\t\t<\/div>\n\t\t\t\t\t<\/div>\n\t\t<\/div>\n\t\t\t\t\t<\/div>\n\t\t<\/section>\n\t\t\t\t<section class=\"elementor-section elementor-top-section elementor-element elementor-element-4b168d8 elementor-section-boxed elementor-section-height-default elementor-section-height-default\" data-id=\"4b168d8\" data-element_type=\"section\">\n\t\t\t\t\t\t<div class=\"elementor-container elementor-column-gap-default\">\n\t\t\t\t\t<div class=\"elementor-column elementor-col-100 elementor-top-column elementor-element elementor-element-129486f\" data-id=\"129486f\" data-element_type=\"column\">\n\t\t\t<div class=\"elementor-widget-wrap elementor-element-populated\">\n\t\t\t\t\t\t<div class=\"elementor-element elementor-element-5c9e380 elementor-widget elementor-widget-spacer\" data-id=\"5c9e380\" data-element_type=\"widget\" data-widget_type=\"spacer.default\">\n\t\t\t\t<div class=\"elementor-widget-container\">\n\t\t\t\t\t\t\t<div class=\"elementor-spacer\">\n\t\t\t<div class=\"elementor-spacer-inner\"><\/div>\n\t\t<\/div>\n\t\t\t\t\t\t<\/div>\n\t\t\t\t<\/div>\n\t\t\t\t\t<\/div>\n\t\t<\/div>\n\t\t\t\t\t<\/div>\n\t\t<\/section>\n\t\t\t\t<\/div>\n\t\t","protected":false},"excerpt":{"rendered":"<p>Anterior Siguiente La Sociedad Argentina de Medicina del Estr\u00e9s (SAMES) en su plan de extensi\u00f3n cultural y cient\u00edfica ofrece conferencias\u00a0y entrevistas\u00a0con el objetivo de generar concientizaci\u00f3n sobre temas de salud en general, s\u00edndrome del estr\u00e9s y calidad de vida entre otros.Para\u00a0contrataciones del\u00a0\u00a0Dr. Daniel L\u00f3pez Rosetti completar el formulario adjunto. Tambi\u00e9n puede comunicarse con nosotros deLunes&#8230;<\/p>\n","protected":false},"author":1,"featured_media":0,"parent":0,"menu_order":0,"comment_status":"closed","ping_status":"closed","template":"","meta":{"_kad_post_transparent":"default","_kad_post_title":"above","_kad_post_layout":"fullwidth","_kad_post_sidebar_id":"","_kad_post_content_style":"unboxed","_kad_post_vertical_padding":"hide","_kad_post_feature":"hide","_kad_post_feature_position":"","_kad_post_header":false,"_kad_post_footer":false,"_kad_post_classname":"","footnotes":""},"class_list":["post-1132","page","type-page","status-publish","hentry"],"yoast_head":"<!-- This site is optimized with the Yoast SEO plugin v26.7 - https:\/\/yoast.com\/wordpress\/plugins\/seo\/ -->\n<title>Conferencias Sames<\/title>\n<meta name=\"robots\" content=\"index, follow, max-snippet:-1, max-image-preview:large, max-video-preview:-1\" \/>\n<link rel=\"canonical\" href=\"https:\/\/www.sames.org.ar\/index.php\/conferencias\/\" \/>\n<meta property=\"og:locale\" content=\"es_ES\" \/>\n<meta property=\"og:type\" content=\"article\" \/>\n<meta property=\"og:title\" content=\"Conferencias Sames\" \/>\n<meta property=\"og:description\" content=\"Anterior Siguiente La Sociedad Argentina de Medicina del Estr\u00e9s (SAMES) en su plan de extensi\u00f3n cultural y cient\u00edfica ofrece conferencias\u00a0y entrevistas\u00a0con el objetivo de generar concientizaci\u00f3n sobre temas de salud en general, s\u00edndrome del estr\u00e9s y calidad de vida entre otros.Para\u00a0contrataciones del\u00a0\u00a0Dr. Daniel L\u00f3pez Rosetti completar el formulario adjunto. Tambi\u00e9n puede comunicarse con nosotros deLunes...\" \/>\n<meta property=\"og:url\" content=\"https:\/\/www.sames.org.ar\/index.php\/conferencias\/\" \/>\n<meta property=\"og:site_name\" content=\"Sames\" \/>\n<meta property=\"article:modified_time\" content=\"2021-07-09T01:19:29+00:00\" \/>\n<meta property=\"og:image\" content=\"https:\/\/www.sames.org.ar\/wp-content\/uploads\/2021\/03\/conferencias1.jpg\" \/>\n<meta name=\"twitter:card\" content=\"summary_large_image\" \/>\n<meta name=\"twitter:label1\" content=\"Tiempo de lectura\" \/>\n\t<meta name=\"twitter:data1\" content=\"1 minuto\" \/>\n<script type=\"application\/ld+json\" class=\"yoast-schema-graph\">{\"@context\":\"https:\/\/schema.org\",\"@graph\":[{\"@type\":\"WebPage\",\"@id\":\"https:\/\/www.sames.org.ar\/index.php\/conferencias\/\",\"url\":\"https:\/\/www.sames.org.ar\/index.php\/conferencias\/\",\"name\":\"Conferencias Sames\",\"isPartOf\":{\"@id\":\"https:\/\/www.sames.org.ar\/#website\"},\"primaryImageOfPage\":{\"@id\":\"https:\/\/www.sames.org.ar\/index.php\/conferencias\/#primaryimage\"},\"image\":{\"@id\":\"https:\/\/www.sames.org.ar\/index.php\/conferencias\/#primaryimage\"},\"thumbnailUrl\":\"https:\/\/www.sames.org.ar\/wp-content\/uploads\/2021\/03\/conferencias1.jpg\",\"datePublished\":\"2021-02-10T23:31:27+00:00\",\"dateModified\":\"2021-07-09T01:19:29+00:00\",\"breadcrumb\":{\"@id\":\"https:\/\/www.sames.org.ar\/index.php\/conferencias\/#breadcrumb\"},\"inLanguage\":\"es-AR\",\"potentialAction\":[{\"@type\":\"ReadAction\",\"target\":[\"https:\/\/www.sames.org.ar\/index.php\/conferencias\/\"]}]},{\"@type\":\"ImageObject\",\"inLanguage\":\"es-AR\",\"@id\":\"https:\/\/www.sames.org.ar\/index.php\/conferencias\/#primaryimage\",\"url\":\"https:\/\/www.sames.org.ar\/wp-content\/uploads\/2021\/03\/conferencias1.jpg\",\"contentUrl\":\"https:\/\/www.sames.org.ar\/wp-content\/uploads\/2021\/03\/conferencias1.jpg\",\"width\":482,\"height\":450,\"caption\":\"conferencias1\"},{\"@type\":\"BreadcrumbList\",\"@id\":\"https:\/\/www.sames.org.ar\/index.php\/conferencias\/#breadcrumb\",\"itemListElement\":[{\"@type\":\"ListItem\",\"position\":1,\"name\":\"Inicio\",\"item\":\"https:\/\/www.sames.org.ar\/\"},{\"@type\":\"ListItem\",\"position\":2,\"name\":\"Conferencias\"}]},{\"@type\":\"WebSite\",\"@id\":\"https:\/\/www.sames.org.ar\/#website\",\"url\":\"https:\/\/www.sames.org.ar\/\",\"name\":\"Sames\",\"description\":\"Sociedad Argentina de medicina del Estres\",\"publisher\":{\"@id\":\"https:\/\/www.sames.org.ar\/#organization\"},\"potentialAction\":[{\"@type\":\"SearchAction\",\"target\":{\"@type\":\"EntryPoint\",\"urlTemplate\":\"https:\/\/www.sames.org.ar\/?s={search_term_string}\"},\"query-input\":{\"@type\":\"PropertyValueSpecification\",\"valueRequired\":true,\"valueName\":\"search_term_string\"}}],\"inLanguage\":\"es-AR\"},{\"@type\":\"Organization\",\"@id\":\"https:\/\/www.sames.org.ar\/#organization\",\"name\":\"Sames\",\"url\":\"https:\/\/www.sames.org.ar\/\",\"logo\":{\"@type\":\"ImageObject\",\"inLanguage\":\"es-AR\",\"@id\":\"https:\/\/www.sames.org.ar\/#\/schema\/logo\/image\/\",\"url\":\"https:\/\/www.sames.org.ar\/wp-content\/uploads\/2021\/01\/cropped-cropped-cropped-logo_sames.png\",\"contentUrl\":\"https:\/\/www.sames.org.ar\/wp-content\/uploads\/2021\/01\/cropped-cropped-cropped-logo_sames.png\",\"width\":466,\"height\":110,\"caption\":\"Sames\"},\"image\":{\"@id\":\"https:\/\/www.sames.org.ar\/#\/schema\/logo\/image\/\"}}]}<\/script>\n<!-- \/ Yoast SEO plugin. -->","yoast_head_json":{"title":"Conferencias Sames","robots":{"index":"index","follow":"follow","max-snippet":"max-snippet:-1","max-image-preview":"max-image-preview:large","max-video-preview":"max-video-preview:-1"},"canonical":"https:\/\/www.sames.org.ar\/index.php\/conferencias\/","og_locale":"es_ES","og_type":"article","og_title":"Conferencias Sames","og_description":"Anterior Siguiente La Sociedad Argentina de Medicina del Estr\u00e9s (SAMES) en su plan de extensi\u00f3n cultural y cient\u00edfica ofrece conferencias\u00a0y entrevistas\u00a0con el objetivo de generar concientizaci\u00f3n sobre temas de salud en general, s\u00edndrome del estr\u00e9s y calidad de vida entre otros.Para\u00a0contrataciones del\u00a0\u00a0Dr. Daniel L\u00f3pez Rosetti completar el formulario adjunto. Tambi\u00e9n puede comunicarse con nosotros deLunes...","og_url":"https:\/\/www.sames.org.ar\/index.php\/conferencias\/","og_site_name":"Sames","article_modified_time":"2021-07-09T01:19:29+00:00","og_image":[{"url":"https:\/\/www.sames.org.ar\/wp-content\/uploads\/2021\/03\/conferencias1.jpg","type":"","width":"","height":""}],"twitter_card":"summary_large_image","twitter_misc":{"Tiempo de lectura":"1 minuto"},"schema":{"@context":"https:\/\/schema.org","@graph":[{"@type":"WebPage","@id":"https:\/\/www.sames.org.ar\/index.php\/conferencias\/","url":"https:\/\/www.sames.org.ar\/index.php\/conferencias\/","name":"Conferencias Sames","isPartOf":{"@id":"https:\/\/www.sames.org.ar\/#website"},"primaryImageOfPage":{"@id":"https:\/\/www.sames.org.ar\/index.php\/conferencias\/#primaryimage"},"image":{"@id":"https:\/\/www.sames.org.ar\/index.php\/conferencias\/#primaryimage"},"thumbnailUrl":"https:\/\/www.sames.org.ar\/wp-content\/uploads\/2021\/03\/conferencias1.jpg","datePublished":"2021-02-10T23:31:27+00:00","dateModified":"2021-07-09T01:19:29+00:00","breadcrumb":{"@id":"https:\/\/www.sames.org.ar\/index.php\/conferencias\/#breadcrumb"},"inLanguage":"es-AR","potentialAction":[{"@type":"ReadAction","target":["https:\/\/www.sames.org.ar\/index.php\/conferencias\/"]}]},{"@type":"ImageObject","inLanguage":"es-AR","@id":"https:\/\/www.sames.org.ar\/index.php\/conferencias\/#primaryimage","url":"https:\/\/www.sames.org.ar\/wp-content\/uploads\/2021\/03\/conferencias1.jpg","contentUrl":"https:\/\/www.sames.org.ar\/wp-content\/uploads\/2021\/03\/conferencias1.jpg","width":482,"height":450,"caption":"conferencias1"},{"@type":"BreadcrumbList","@id":"https:\/\/www.sames.org.ar\/index.php\/conferencias\/#breadcrumb","itemListElement":[{"@type":"ListItem","position":1,"name":"Inicio","item":"https:\/\/www.sames.org.ar\/"},{"@type":"ListItem","position":2,"name":"Conferencias"}]},{"@type":"WebSite","@id":"https:\/\/www.sames.org.ar\/#website","url":"https:\/\/www.sames.org.ar\/","name":"Sames","description":"Sociedad Argentina de medicina del Estres","publisher":{"@id":"https:\/\/www.sames.org.ar\/#organization"},"potentialAction":[{"@type":"SearchAction","target":{"@type":"EntryPoint","urlTemplate":"https:\/\/www.sames.org.ar\/?s={search_term_string}"},"query-input":{"@type":"PropertyValueSpecification","valueRequired":true,"valueName":"search_term_string"}}],"inLanguage":"es-AR"},{"@type":"Organization","@id":"https:\/\/www.sames.org.ar\/#organization","name":"Sames","url":"https:\/\/www.sames.org.ar\/","logo":{"@type":"ImageObject","inLanguage":"es-AR","@id":"https:\/\/www.sames.org.ar\/#\/schema\/logo\/image\/","url":"https:\/\/www.sames.org.ar\/wp-content\/uploads\/2021\/01\/cropped-cropped-cropped-logo_sames.png","contentUrl":"https:\/\/www.sames.org.ar\/wp-content\/uploads\/2021\/01\/cropped-cropped-cropped-logo_sames.png","width":466,"height":110,"caption":"Sames"},"image":{"@id":"https:\/\/www.sames.org.ar\/#\/schema\/logo\/image\/"}}]}},"_links":{"self":[{"href":"https:\/\/www.sames.org.ar\/index.php\/wp-json\/wp\/v2\/pages\/1132","targetHints":{"allow":["GET"]}}],"collection":[{"href":"https:\/\/www.sames.org.ar\/index.php\/wp-json\/wp\/v2\/pages"}],"about":[{"href":"https:\/\/www.sames.org.ar\/index.php\/wp-json\/wp\/v2\/types\/page"}],"author":[{"embeddable":true,"href":"https:\/\/www.sames.org.ar\/index.php\/wp-json\/wp\/v2\/users\/1"}],"replies":[{"embeddable":true,"href":"https:\/\/www.sames.org.ar\/index.php\/wp-json\/wp\/v2\/comments?post=1132"}],"version-history":[{"count":29,"href":"https:\/\/www.sames.org.ar\/index.php\/wp-json\/wp\/v2\/pages\/1132\/revisions"}],"predecessor-version":[{"id":6146,"href":"https:\/\/www.sames.org.ar\/index.php\/wp-json\/wp\/v2\/pages\/1132\/revisions\/6146"}],"wp:attachment":[{"href":"https:\/\/www.sames.org.ar\/index.php\/wp-json\/wp\/v2\/media?parent=1132"}],"curies":[{"name":"wp","href":"https:\/\/api.w.org\/{rel}","templated":true}]}}