{"id":1036,"date":"2021-02-10T16:41:14","date_gmt":"2021-02-10T19:41:14","guid":{"rendered":"https:\/\/www.sames.org.ar\/?page_id=1036"},"modified":"2021-03-04T20:48:55","modified_gmt":"2021-03-04T23:48:55","slug":"promeco","status":"publish","type":"page","link":"https:\/\/www.sames.org.ar\/index.php\/promeco\/","title":{"rendered":"PROMECO"},"content":{"rendered":"\t\t<div data-elementor-type=\"wp-page\" data-elementor-id=\"1036\" class=\"elementor elementor-1036\">\n\t\t\t\t\t\t<section class=\"elementor-section elementor-top-section elementor-element elementor-element-5b5b77f elementor-section-content-middle elementor-section-boxed elementor-section-height-default elementor-section-height-default\" data-id=\"5b5b77f\" data-element_type=\"section\" data-e-type=\"section\" data-settings=\"{&quot;background_background&quot;:&quot;classic&quot;,&quot;shape_divider_top&quot;:&quot;tilt&quot;,&quot;shape_divider_bottom&quot;:&quot;tilt&quot;}\">\n\t\t\t\t\t<div class=\"elementor-shape elementor-shape-top\" aria-hidden=\"true\" data-negative=\"false\">\n\t\t\t<svg xmlns=\"http:\/\/www.w3.org\/2000\/svg\" viewBox=\"0 0 1000 100\" preserveAspectRatio=\"none\">\n\t<path class=\"elementor-shape-fill\" d=\"M0,6V0h1000v100L0,6z\"\/>\n<\/svg>\t\t<\/div>\n\t\t\t\t<div class=\"elementor-shape elementor-shape-bottom\" aria-hidden=\"true\" data-negative=\"false\">\n\t\t\t<svg xmlns=\"http:\/\/www.w3.org\/2000\/svg\" viewBox=\"0 0 1000 100\" preserveAspectRatio=\"none\">\n\t<path class=\"elementor-shape-fill\" d=\"M0,6V0h1000v100L0,6z\"\/>\n<\/svg>\t\t<\/div>\n\t\t\t\t\t<div class=\"elementor-container elementor-column-gap-default\">\n\t\t\t\t\t<div class=\"elementor-column elementor-col-50 elementor-top-column elementor-element elementor-element-1512d27\" data-id=\"1512d27\" data-element_type=\"column\" data-e-type=\"column\">\n\t\t\t<div class=\"elementor-widget-wrap elementor-element-populated\">\n\t\t\t\t\t\t<div class=\"elementor-element elementor-element-4595201 elementor-arrows-position-inside elementor-invisible elementor-widget elementor-widget-image-carousel\" data-id=\"4595201\" data-element_type=\"widget\" data-e-type=\"widget\" data-settings=\"{&quot;slides_to_show&quot;:&quot;1&quot;,&quot;navigation&quot;:&quot;arrows&quot;,&quot;pause_on_hover&quot;:&quot;no&quot;,&quot;effect&quot;:&quot;fade&quot;,&quot;speed&quot;:700,&quot;_animation&quot;:&quot;fadeIn&quot;,&quot;autoplay&quot;:&quot;yes&quot;,&quot;pause_on_interaction&quot;:&quot;yes&quot;,&quot;autoplay_speed&quot;:5000,&quot;infinite&quot;:&quot;yes&quot;}\" data-widget_type=\"image-carousel.default\">\n\t\t\t\t<div class=\"elementor-widget-container\">\n\t\t\t\t\t\t\t<div class=\"elementor-image-carousel-wrapper swiper\" role=\"region\" aria-roledescription=\"carousel\" aria-label=\"Carrusel de im\u00e1genes\" dir=\"ltr\">\n\t\t\t<div class=\"elementor-image-carousel swiper-wrapper swiper-image-stretch\" aria-live=\"off\">\n\t\t\t\t\t\t\t\t<div class=\"swiper-slide\" role=\"group\" aria-roledescription=\"slide\" aria-label=\"1 of 2\"><figure class=\"swiper-slide-inner\"><img decoding=\"async\" class=\"swiper-slide-image\" src=\"https:\/\/www.sames.org.ar\/wp-content\/uploads\/2021\/02\/promeco1.jpg\" alt=\"promeco1\" \/><\/figure><\/div><div class=\"swiper-slide\" role=\"group\" aria-roledescription=\"slide\" aria-label=\"2 of 2\"><figure class=\"swiper-slide-inner\"><img decoding=\"async\" class=\"swiper-slide-image\" src=\"https:\/\/www.sames.org.ar\/wp-content\/uploads\/2021\/02\/promeco3-1.jpg\" alt=\"promeco3\" \/><\/figure><\/div>\t\t\t<\/div>\n\t\t\t\t\t\t\t\t\t\t\t\t<div class=\"elementor-swiper-button elementor-swiper-button-prev\" role=\"button\" tabindex=\"0\">\n\t\t\t\t\t\t<i aria-hidden=\"true\" class=\"eicon-chevron-left\"><\/i>\t\t\t\t\t<\/div>\n\t\t\t\t\t<div class=\"elementor-swiper-button elementor-swiper-button-next\" role=\"button\" tabindex=\"0\">\n\t\t\t\t\t\t<i aria-hidden=\"true\" class=\"eicon-chevron-right\"><\/i>\t\t\t\t\t<\/div>\n\t\t\t\t\n\t\t\t\t\t\t\t\t\t<\/div>\n\t\t\t\t\t\t<\/div>\n\t\t\t\t<\/div>\n\t\t\t\t\t<\/div>\n\t\t<\/div>\n\t\t\t\t<div class=\"elementor-column elementor-col-50 elementor-top-column elementor-element elementor-element-862a73a\" data-id=\"862a73a\" data-element_type=\"column\" data-e-type=\"column\">\n\t\t\t<div class=\"elementor-widget-wrap elementor-element-populated\">\n\t\t\t\t\t\t<div class=\"elementor-element elementor-element-c114cb2 elementor-widget elementor-widget-heading\" data-id=\"c114cb2\" data-element_type=\"widget\" data-e-type=\"widget\" data-widget_type=\"heading.default\">\n\t\t\t\t<div class=\"elementor-widget-container\">\n\t\t\t\t\t<h2 class=\"elementor-heading-title elementor-size-default\">Programa Nacional de Meditaci\u00f3n en Colegios (PROMECO)<\/h2>\t\t\t\t<\/div>\n\t\t\t\t<\/div>\n\t\t\t\t<div class=\"elementor-element elementor-element-f7ad27c elementor-widget elementor-widget-text-editor\" data-id=\"f7ad27c\" data-element_type=\"widget\" data-e-type=\"widget\" data-widget_type=\"text-editor.default\">\n\t\t\t\t<div class=\"elementor-widget-container\">\n\t\t\t\t\t\t\t\t\t<p>Curso de capacitaci\u00f3n gratuito y online para docentes de colegios p\u00fablicos y privados de todo el pa\u00eds, para la aplicaci\u00f3n de t\u00e9cnicas de meditaci\u00f3n. <br \/><br \/>Este programa forma parte de la Unidad de Bio\u00e9tica de la UNESCO, dependiente de la c\u00e1tedra de Bio\u00e9tica, Universidad de Haifa, Israel; con sede en el Hospital Central Municipal de San Isidro cuyo Director es el Dr. Daniel L\u00f3pez Rosetti.<br \/><br \/>Este programa est\u00e1 dirigido a los docentes, directivos y equipo orientador de alumnos de Sala de 5 Nivel Inicial, Nivel Primario y Nivel Medio.<\/p>\t\t\t\t\t\t\t\t<\/div>\n\t\t\t\t<\/div>\n\t\t\t\t<div class=\"elementor-element elementor-element-0c7128c elementor-widget elementor-widget-text-editor\" data-id=\"0c7128c\" data-element_type=\"widget\" data-e-type=\"widget\" data-widget_type=\"text-editor.default\">\n\t\t\t\t<div class=\"elementor-widget-container\">\n\t\t\t\t\t\t\t\t\t<p>Inscripci\u00f3n al programa de acceso libre y gratuito<\/p>\t\t\t\t\t\t\t\t<\/div>\n\t\t\t\t<\/div>\n\t\t\t\t<div class=\"elementor-element elementor-element-318c840 elementor-tablet-align-center elementor-align-left elementor-widget elementor-widget-button\" data-id=\"318c840\" data-element_type=\"widget\" data-e-type=\"widget\" data-widget_type=\"button.default\">\n\t\t\t\t<div class=\"elementor-widget-container\">\n\t\t\t\t\t\t\t\t\t<div class=\"elementor-button-wrapper\">\n\t\t\t\t\t<a class=\"elementor-button elementor-button-link elementor-size-sm\" href=\"http:\/\/www.serviciodemedicinadelestres.com.ar\/promeco\" target=\"_blank\">\n\t\t\t\t\t\t<span class=\"elementor-button-content-wrapper\">\n\t\t\t\t\t\t<span class=\"elementor-button-icon\">\n\t\t\t\t<i aria-hidden=\"true\" class=\"fas fa-angle-right\"><\/i>\t\t\t<\/span>\n\t\t\t\t\t\t\t\t\t<span class=\"elementor-button-text\">INGRESAR<\/span>\n\t\t\t\t\t<\/span>\n\t\t\t\t\t<\/a>\n\t\t\t\t<\/div>\n\t\t\t\t\t\t\t\t<\/div>\n\t\t\t\t<\/div>\n\t\t\t\t\t<\/div>\n\t\t<\/div>\n\t\t\t\t\t<\/div>\n\t\t<\/section>\n\t\t\t\t<\/div>\n\t\t","protected":false},"excerpt":{"rendered":"<p>Anterior Siguiente Programa Nacional de Meditaci\u00f3n en Colegios (PROMECO) Curso de capacitaci\u00f3n gratuito y online para docentes de colegios p\u00fablicos y privados de todo el pa\u00eds, para la aplicaci\u00f3n de t\u00e9cnicas de meditaci\u00f3n. Este programa forma parte de la Unidad de Bio\u00e9tica de la UNESCO, dependiente de la c\u00e1tedra de Bio\u00e9tica, Universidad de Haifa, Israel;&#8230;<\/p>\n","protected":false},"author":1,"featured_media":0,"parent":0,"menu_order":0,"comment_status":"closed","ping_status":"closed","template":"","meta":{"_kad_post_transparent":"default","_kad_post_title":"above","_kad_post_layout":"fullwidth","_kad_post_sidebar_id":"","_kad_post_content_style":"unboxed","_kad_post_vertical_padding":"hide","_kad_post_feature":"hide","_kad_post_feature_position":"","_kad_post_header":false,"_kad_post_footer":false,"_kad_post_classname":"","footnotes":""},"class_list":["post-1036","page","type-page","status-publish","hentry"],"yoast_head":"<!-- This site is optimized with the Yoast SEO plugin v27.4 - https:\/\/yoast.com\/product\/yoast-seo-wordpress\/ -->\n<title>PROMECO<\/title>\n<meta name=\"robots\" content=\"index, follow, max-snippet:-1, max-image-preview:large, max-video-preview:-1\" \/>\n<link rel=\"canonical\" href=\"https:\/\/www.sames.org.ar\/index.php\/promeco\/\" \/>\n<meta property=\"og:locale\" content=\"es_ES\" \/>\n<meta property=\"og:type\" content=\"article\" \/>\n<meta property=\"og:title\" content=\"PROMECO\" \/>\n<meta property=\"og:description\" content=\"Anterior Siguiente Programa Nacional de Meditaci\u00f3n en Colegios (PROMECO) Curso de capacitaci\u00f3n gratuito y online para docentes de colegios p\u00fablicos y privados de todo el pa\u00eds, para la aplicaci\u00f3n de t\u00e9cnicas de meditaci\u00f3n. Este programa forma parte de la Unidad de Bio\u00e9tica de la UNESCO, dependiente de la c\u00e1tedra de Bio\u00e9tica, Universidad de Haifa, Israel;...\" \/>\n<meta property=\"og:url\" content=\"https:\/\/www.sames.org.ar\/index.php\/promeco\/\" \/>\n<meta property=\"og:site_name\" content=\"Sames\" \/>\n<meta property=\"article:modified_time\" content=\"2021-03-04T23:48:55+00:00\" \/>\n<meta property=\"og:image\" content=\"https:\/\/www.sames.org.ar\/wp-content\/uploads\/2021\/02\/promeco1.jpg\" \/>\n<meta name=\"twitter:card\" content=\"summary_large_image\" \/>\n<meta name=\"twitter:label1\" content=\"Tiempo de lectura\" \/>\n\t<meta name=\"twitter:data1\" content=\"1 minuto\" \/>\n<script type=\"application\/ld+json\" class=\"yoast-schema-graph\">{\"@context\":\"https:\\\/\\\/schema.org\",\"@graph\":[{\"@type\":\"WebPage\",\"@id\":\"https:\\\/\\\/www.sames.org.ar\\\/index.php\\\/promeco\\\/\",\"url\":\"https:\\\/\\\/www.sames.org.ar\\\/index.php\\\/promeco\\\/\",\"name\":\"PROMECO\",\"isPartOf\":{\"@id\":\"https:\\\/\\\/www.sames.org.ar\\\/#website\"},\"primaryImageOfPage\":{\"@id\":\"https:\\\/\\\/www.sames.org.ar\\\/index.php\\\/promeco\\\/#primaryimage\"},\"image\":{\"@id\":\"https:\\\/\\\/www.sames.org.ar\\\/index.php\\\/promeco\\\/#primaryimage\"},\"thumbnailUrl\":\"https:\\\/\\\/www.sames.org.ar\\\/wp-content\\\/uploads\\\/2021\\\/02\\\/promeco1.jpg\",\"datePublished\":\"2021-02-10T19:41:14+00:00\",\"dateModified\":\"2021-03-04T23:48:55+00:00\",\"breadcrumb\":{\"@id\":\"https:\\\/\\\/www.sames.org.ar\\\/index.php\\\/promeco\\\/#breadcrumb\"},\"inLanguage\":\"es-AR\",\"potentialAction\":[{\"@type\":\"ReadAction\",\"target\":[\"https:\\\/\\\/www.sames.org.ar\\\/index.php\\\/promeco\\\/\"]}]},{\"@type\":\"ImageObject\",\"inLanguage\":\"es-AR\",\"@id\":\"https:\\\/\\\/www.sames.org.ar\\\/index.php\\\/promeco\\\/#primaryimage\",\"url\":\"https:\\\/\\\/www.sames.org.ar\\\/wp-content\\\/uploads\\\/2021\\\/02\\\/promeco1.jpg\",\"contentUrl\":\"https:\\\/\\\/www.sames.org.ar\\\/wp-content\\\/uploads\\\/2021\\\/02\\\/promeco1.jpg\",\"width\":700,\"height\":700,\"caption\":\"promeco1\"},{\"@type\":\"BreadcrumbList\",\"@id\":\"https:\\\/\\\/www.sames.org.ar\\\/index.php\\\/promeco\\\/#breadcrumb\",\"itemListElement\":[{\"@type\":\"ListItem\",\"position\":1,\"name\":\"Inicio\",\"item\":\"https:\\\/\\\/www.sames.org.ar\\\/\"},{\"@type\":\"ListItem\",\"position\":2,\"name\":\"PROMECO\"}]},{\"@type\":\"WebSite\",\"@id\":\"https:\\\/\\\/www.sames.org.ar\\\/#website\",\"url\":\"https:\\\/\\\/www.sames.org.ar\\\/\",\"name\":\"Sames\",\"description\":\"Sociedad Argentina de medicina del Estres\",\"publisher\":{\"@id\":\"https:\\\/\\\/www.sames.org.ar\\\/#organization\"},\"potentialAction\":[{\"@type\":\"SearchAction\",\"target\":{\"@type\":\"EntryPoint\",\"urlTemplate\":\"https:\\\/\\\/www.sames.org.ar\\\/?s={search_term_string}\"},\"query-input\":{\"@type\":\"PropertyValueSpecification\",\"valueRequired\":true,\"valueName\":\"search_term_string\"}}],\"inLanguage\":\"es-AR\"},{\"@type\":\"Organization\",\"@id\":\"https:\\\/\\\/www.sames.org.ar\\\/#organization\",\"name\":\"Sames\",\"url\":\"https:\\\/\\\/www.sames.org.ar\\\/\",\"logo\":{\"@type\":\"ImageObject\",\"inLanguage\":\"es-AR\",\"@id\":\"https:\\\/\\\/www.sames.org.ar\\\/#\\\/schema\\\/logo\\\/image\\\/\",\"url\":\"https:\\\/\\\/www.sames.org.ar\\\/wp-content\\\/uploads\\\/2021\\\/01\\\/cropped-cropped-cropped-logo_sames.png\",\"contentUrl\":\"https:\\\/\\\/www.sames.org.ar\\\/wp-content\\\/uploads\\\/2021\\\/01\\\/cropped-cropped-cropped-logo_sames.png\",\"width\":466,\"height\":110,\"caption\":\"Sames\"},\"image\":{\"@id\":\"https:\\\/\\\/www.sames.org.ar\\\/#\\\/schema\\\/logo\\\/image\\\/\"}}]}<\/script>\n<!-- \/ Yoast SEO plugin. -->","yoast_head_json":{"title":"PROMECO","robots":{"index":"index","follow":"follow","max-snippet":"max-snippet:-1","max-image-preview":"max-image-preview:large","max-video-preview":"max-video-preview:-1"},"canonical":"https:\/\/www.sames.org.ar\/index.php\/promeco\/","og_locale":"es_ES","og_type":"article","og_title":"PROMECO","og_description":"Anterior Siguiente Programa Nacional de Meditaci\u00f3n en Colegios (PROMECO) Curso de capacitaci\u00f3n gratuito y online para docentes de colegios p\u00fablicos y privados de todo el pa\u00eds, para la aplicaci\u00f3n de t\u00e9cnicas de meditaci\u00f3n. Este programa forma parte de la Unidad de Bio\u00e9tica de la UNESCO, dependiente de la c\u00e1tedra de Bio\u00e9tica, Universidad de Haifa, Israel;...","og_url":"https:\/\/www.sames.org.ar\/index.php\/promeco\/","og_site_name":"Sames","article_modified_time":"2021-03-04T23:48:55+00:00","og_image":[{"url":"https:\/\/www.sames.org.ar\/wp-content\/uploads\/2021\/02\/promeco1.jpg","type":"","width":"","height":""}],"twitter_card":"summary_large_image","twitter_misc":{"Tiempo de lectura":"1 minuto"},"schema":{"@context":"https:\/\/schema.org","@graph":[{"@type":"WebPage","@id":"https:\/\/www.sames.org.ar\/index.php\/promeco\/","url":"https:\/\/www.sames.org.ar\/index.php\/promeco\/","name":"PROMECO","isPartOf":{"@id":"https:\/\/www.sames.org.ar\/#website"},"primaryImageOfPage":{"@id":"https:\/\/www.sames.org.ar\/index.php\/promeco\/#primaryimage"},"image":{"@id":"https:\/\/www.sames.org.ar\/index.php\/promeco\/#primaryimage"},"thumbnailUrl":"https:\/\/www.sames.org.ar\/wp-content\/uploads\/2021\/02\/promeco1.jpg","datePublished":"2021-02-10T19:41:14+00:00","dateModified":"2021-03-04T23:48:55+00:00","breadcrumb":{"@id":"https:\/\/www.sames.org.ar\/index.php\/promeco\/#breadcrumb"},"inLanguage":"es-AR","potentialAction":[{"@type":"ReadAction","target":["https:\/\/www.sames.org.ar\/index.php\/promeco\/"]}]},{"@type":"ImageObject","inLanguage":"es-AR","@id":"https:\/\/www.sames.org.ar\/index.php\/promeco\/#primaryimage","url":"https:\/\/www.sames.org.ar\/wp-content\/uploads\/2021\/02\/promeco1.jpg","contentUrl":"https:\/\/www.sames.org.ar\/wp-content\/uploads\/2021\/02\/promeco1.jpg","width":700,"height":700,"caption":"promeco1"},{"@type":"BreadcrumbList","@id":"https:\/\/www.sames.org.ar\/index.php\/promeco\/#breadcrumb","itemListElement":[{"@type":"ListItem","position":1,"name":"Inicio","item":"https:\/\/www.sames.org.ar\/"},{"@type":"ListItem","position":2,"name":"PROMECO"}]},{"@type":"WebSite","@id":"https:\/\/www.sames.org.ar\/#website","url":"https:\/\/www.sames.org.ar\/","name":"Sames","description":"Sociedad Argentina de medicina del Estres","publisher":{"@id":"https:\/\/www.sames.org.ar\/#organization"},"potentialAction":[{"@type":"SearchAction","target":{"@type":"EntryPoint","urlTemplate":"https:\/\/www.sames.org.ar\/?s={search_term_string}"},"query-input":{"@type":"PropertyValueSpecification","valueRequired":true,"valueName":"search_term_string"}}],"inLanguage":"es-AR"},{"@type":"Organization","@id":"https:\/\/www.sames.org.ar\/#organization","name":"Sames","url":"https:\/\/www.sames.org.ar\/","logo":{"@type":"ImageObject","inLanguage":"es-AR","@id":"https:\/\/www.sames.org.ar\/#\/schema\/logo\/image\/","url":"https:\/\/www.sames.org.ar\/wp-content\/uploads\/2021\/01\/cropped-cropped-cropped-logo_sames.png","contentUrl":"https:\/\/www.sames.org.ar\/wp-content\/uploads\/2021\/01\/cropped-cropped-cropped-logo_sames.png","width":466,"height":110,"caption":"Sames"},"image":{"@id":"https:\/\/www.sames.org.ar\/#\/schema\/logo\/image\/"}}]}},"_links":{"self":[{"href":"https:\/\/www.sames.org.ar\/index.php\/wp-json\/wp\/v2\/pages\/1036","targetHints":{"allow":["GET"]}}],"collection":[{"href":"https:\/\/www.sames.org.ar\/index.php\/wp-json\/wp\/v2\/pages"}],"about":[{"href":"https:\/\/www.sames.org.ar\/index.php\/wp-json\/wp\/v2\/types\/page"}],"author":[{"embeddable":true,"href":"https:\/\/www.sames.org.ar\/index.php\/wp-json\/wp\/v2\/users\/1"}],"replies":[{"embeddable":true,"href":"https:\/\/www.sames.org.ar\/index.php\/wp-json\/wp\/v2\/comments?post=1036"}],"version-history":[{"count":23,"href":"https:\/\/www.sames.org.ar\/index.php\/wp-json\/wp\/v2\/pages\/1036\/revisions"}],"predecessor-version":[{"id":1414,"href":"https:\/\/www.sames.org.ar\/index.php\/wp-json\/wp\/v2\/pages\/1036\/revisions\/1414"}],"wp:attachment":[{"href":"https:\/\/www.sames.org.ar\/index.php\/wp-json\/wp\/v2\/media?parent=1036"}],"curies":[{"name":"wp","href":"https:\/\/api.w.org\/{rel}","templated":true}]}}