{"id":1034,"date":"2021-02-10T16:40:59","date_gmt":"2021-02-10T19:40:59","guid":{"rendered":"https:\/\/www.sames.org.ar\/?page_id=1034"},"modified":"2021-03-04T20:47:49","modified_gmt":"2021-03-04T23:47:49","slug":"promes","status":"publish","type":"page","link":"https:\/\/www.sames.org.ar\/index.php\/promes\/","title":{"rendered":"PROMES"},"content":{"rendered":"\t\t<div data-elementor-type=\"wp-page\" data-elementor-id=\"1034\" class=\"elementor elementor-1034\">\n\t\t\t\t\t\t<section class=\"elementor-section elementor-top-section elementor-element elementor-element-8efada8 elementor-section-content-middle elementor-section-boxed elementor-section-height-default elementor-section-height-default\" data-id=\"8efada8\" data-element_type=\"section\" data-e-type=\"section\" data-settings=\"{&quot;background_background&quot;:&quot;classic&quot;,&quot;shape_divider_top&quot;:&quot;tilt&quot;,&quot;shape_divider_bottom&quot;:&quot;tilt&quot;}\">\n\t\t\t\t\t<div class=\"elementor-shape elementor-shape-top\" aria-hidden=\"true\" data-negative=\"false\">\n\t\t\t<svg xmlns=\"http:\/\/www.w3.org\/2000\/svg\" viewBox=\"0 0 1000 100\" preserveAspectRatio=\"none\">\n\t<path class=\"elementor-shape-fill\" d=\"M0,6V0h1000v100L0,6z\"\/>\n<\/svg>\t\t<\/div>\n\t\t\t\t<div class=\"elementor-shape elementor-shape-bottom\" aria-hidden=\"true\" data-negative=\"false\">\n\t\t\t<svg xmlns=\"http:\/\/www.w3.org\/2000\/svg\" viewBox=\"0 0 1000 100\" preserveAspectRatio=\"none\">\n\t<path class=\"elementor-shape-fill\" d=\"M0,6V0h1000v100L0,6z\"\/>\n<\/svg>\t\t<\/div>\n\t\t\t\t\t<div class=\"elementor-container elementor-column-gap-default\">\n\t\t\t\t\t<div class=\"elementor-column elementor-col-50 elementor-top-column elementor-element elementor-element-07790ad\" data-id=\"07790ad\" data-element_type=\"column\" data-e-type=\"column\">\n\t\t\t<div class=\"elementor-widget-wrap elementor-element-populated\">\n\t\t\t\t\t\t<div class=\"elementor-element elementor-element-6c2385c elementor-arrows-position-inside elementor-invisible elementor-widget elementor-widget-image-carousel\" data-id=\"6c2385c\" data-element_type=\"widget\" data-e-type=\"widget\" data-settings=\"{&quot;slides_to_show&quot;:&quot;1&quot;,&quot;navigation&quot;:&quot;arrows&quot;,&quot;pause_on_hover&quot;:&quot;no&quot;,&quot;effect&quot;:&quot;fade&quot;,&quot;speed&quot;:700,&quot;_animation&quot;:&quot;fadeIn&quot;,&quot;autoplay&quot;:&quot;yes&quot;,&quot;pause_on_interaction&quot;:&quot;yes&quot;,&quot;autoplay_speed&quot;:5000,&quot;infinite&quot;:&quot;yes&quot;}\" data-widget_type=\"image-carousel.default\">\n\t\t\t\t<div class=\"elementor-widget-container\">\n\t\t\t\t\t\t\t<div class=\"elementor-image-carousel-wrapper swiper\" role=\"region\" aria-roledescription=\"carousel\" aria-label=\"Carrusel de im\u00e1genes\" dir=\"ltr\">\n\t\t\t<div class=\"elementor-image-carousel swiper-wrapper swiper-image-stretch\" aria-live=\"off\">\n\t\t\t\t\t\t\t\t<div class=\"swiper-slide\" role=\"group\" aria-roledescription=\"slide\" aria-label=\"1 of 2\"><figure class=\"swiper-slide-inner\"><img decoding=\"async\" class=\"swiper-slide-image\" src=\"https:\/\/www.sames.org.ar\/wp-content\/uploads\/2021\/02\/promes2.jpg\" alt=\"promes2\" \/><\/figure><\/div><div class=\"swiper-slide\" role=\"group\" aria-roledescription=\"slide\" aria-label=\"2 of 2\"><figure class=\"swiper-slide-inner\"><img decoding=\"async\" class=\"swiper-slide-image\" src=\"https:\/\/www.sames.org.ar\/wp-content\/uploads\/2021\/02\/promes.jpg\" alt=\"promes\" \/><\/figure><\/div>\t\t\t<\/div>\n\t\t\t\t\t\t\t\t\t\t\t\t<div class=\"elementor-swiper-button elementor-swiper-button-prev\" role=\"button\" tabindex=\"0\">\n\t\t\t\t\t\t<i aria-hidden=\"true\" class=\"eicon-chevron-left\"><\/i>\t\t\t\t\t<\/div>\n\t\t\t\t\t<div class=\"elementor-swiper-button elementor-swiper-button-next\" role=\"button\" tabindex=\"0\">\n\t\t\t\t\t\t<i aria-hidden=\"true\" class=\"eicon-chevron-right\"><\/i>\t\t\t\t\t<\/div>\n\t\t\t\t\n\t\t\t\t\t\t\t\t\t<\/div>\n\t\t\t\t\t\t<\/div>\n\t\t\t\t<\/div>\n\t\t\t\t\t<\/div>\n\t\t<\/div>\n\t\t\t\t<div class=\"elementor-column elementor-col-50 elementor-top-column elementor-element elementor-element-07982ed\" data-id=\"07982ed\" data-element_type=\"column\" data-e-type=\"column\">\n\t\t\t<div class=\"elementor-widget-wrap elementor-element-populated\">\n\t\t\t\t\t\t<div class=\"elementor-element elementor-element-7452725 elementor-widget elementor-widget-button\" data-id=\"7452725\" data-element_type=\"widget\" data-e-type=\"widget\" data-widget_type=\"button.default\">\n\t\t\t\t<div class=\"elementor-widget-container\">\n\t\t\t\t\t\t\t\t\t<div class=\"elementor-button-wrapper\">\n\t\t\t\t\t<a class=\"elementor-button elementor-size-xs\" role=\"button\">\n\t\t\t\t\t\t<span class=\"elementor-button-content-wrapper\">\n\t\t\t\t\t\t<span class=\"elementor-button-icon\">\n\t\t\t\t<i aria-hidden=\"true\" class=\"fas fa-laptop\"><\/i>\t\t\t<\/span>\n\t\t\t\t\t\t\t\t\t<span class=\"elementor-button-text\">ONLINE<\/span>\n\t\t\t\t\t<\/span>\n\t\t\t\t\t<\/a>\n\t\t\t\t<\/div>\n\t\t\t\t\t\t\t\t<\/div>\n\t\t\t\t<\/div>\n\t\t\t\t<div class=\"elementor-element elementor-element-afbded8 elementor-widget elementor-widget-heading\" data-id=\"afbded8\" data-element_type=\"widget\" data-e-type=\"widget\" data-widget_type=\"heading.default\">\n\t\t\t\t<div class=\"elementor-widget-container\">\n\t\t\t\t\t<h2 class=\"elementor-heading-title elementor-size-default\">PROMES - Programa de Manejo del Estr\u00e9s<\/h2>\t\t\t\t<\/div>\n\t\t\t\t<\/div>\n\t\t\t\t<div class=\"elementor-element elementor-element-4c06d7c elementor-widget elementor-widget-text-editor\" data-id=\"4c06d7c\" data-element_type=\"widget\" data-e-type=\"widget\" data-widget_type=\"text-editor.default\">\n\t\t\t\t<div class=\"elementor-widget-container\">\n\t\t\t\t\t\t\t\t\t<p><em>\u201cEl objetivo de este Programa es ampliar y entender el concepto del S\u00edndrome del Estr\u00e9s para poder observar c\u00f3mo \u00e9ste afecta nuestro cuerpo, mente, v\u00ednculos, vida laboral y emocional. Recuerde: No se puede combatir al enemigo que no se conoce. De esta forma, este programa promueve el autoconocimiento y la modificaci\u00f3n de nuestras percepciones y conductas, con el fin de mejorar nuestra calidad de vida.\u201d<\/em><\/p>\t\t\t\t\t\t\t\t<\/div>\n\t\t\t\t<\/div>\n\t\t\t\t<div class=\"elementor-element elementor-element-4d0b14e elementor-widget elementor-widget-text-editor\" data-id=\"4d0b14e\" data-element_type=\"widget\" data-e-type=\"widget\" data-widget_type=\"text-editor.default\">\n\t\t\t\t<div class=\"elementor-widget-container\">\n\t\t\t\t\t\t\t\t\t<p><strong>Dr. Daniel L\u00f3pez Rosetti<\/strong><br \/>Jefe del Servicio de Medicina del Estr\u00e9s<br \/>Hospital Central de San Isidro<\/p>\t\t\t\t\t\t\t\t<\/div>\n\t\t\t\t<\/div>\n\t\t\t\t<div class=\"elementor-element elementor-element-768f012 elementor-widget elementor-widget-text-editor\" data-id=\"768f012\" data-element_type=\"widget\" data-e-type=\"widget\" data-widget_type=\"text-editor.default\">\n\t\t\t\t<div class=\"elementor-widget-container\">\n\t\t\t\t\t\t\t\t\t<p>Inscripci\u00f3n al programa de acceso libre y gratuito<\/p>\t\t\t\t\t\t\t\t<\/div>\n\t\t\t\t<\/div>\n\t\t\t\t<div class=\"elementor-element elementor-element-9aaccf4 elementor-tablet-align-center elementor-align-left elementor-widget elementor-widget-button\" data-id=\"9aaccf4\" data-element_type=\"widget\" data-e-type=\"widget\" data-widget_type=\"button.default\">\n\t\t\t\t<div class=\"elementor-widget-container\">\n\t\t\t\t\t\t\t\t\t<div class=\"elementor-button-wrapper\">\n\t\t\t\t\t<a class=\"elementor-button elementor-button-link elementor-size-sm\" href=\"https:\/\/serviciodemedicinadelestres.com.ar\/promes\/\" target=\"_blank\">\n\t\t\t\t\t\t<span class=\"elementor-button-content-wrapper\">\n\t\t\t\t\t\t<span class=\"elementor-button-icon\">\n\t\t\t\t<i aria-hidden=\"true\" class=\"fas fa-angle-right\"><\/i>\t\t\t<\/span>\n\t\t\t\t\t\t\t\t\t<span class=\"elementor-button-text\">INGRESAR<\/span>\n\t\t\t\t\t<\/span>\n\t\t\t\t\t<\/a>\n\t\t\t\t<\/div>\n\t\t\t\t\t\t\t\t<\/div>\n\t\t\t\t<\/div>\n\t\t\t\t\t<\/div>\n\t\t<\/div>\n\t\t\t\t\t<\/div>\n\t\t<\/section>\n\t\t\t\t<\/div>\n\t\t","protected":false},"excerpt":{"rendered":"<p>Anterior Siguiente ONLINE PROMES &#8211; Programa de Manejo del Estr\u00e9s \u201cEl objetivo de este Programa es ampliar y entender el concepto del S\u00edndrome del Estr\u00e9s para poder observar c\u00f3mo \u00e9ste afecta nuestro cuerpo, mente, v\u00ednculos, vida laboral y emocional. Recuerde: No se puede combatir al enemigo que no se conoce. De esta forma, este programa&#8230;<\/p>\n","protected":false},"author":1,"featured_media":0,"parent":0,"menu_order":0,"comment_status":"closed","ping_status":"closed","template":"","meta":{"_kad_post_transparent":"default","_kad_post_title":"above","_kad_post_layout":"fullwidth","_kad_post_sidebar_id":"","_kad_post_content_style":"unboxed","_kad_post_vertical_padding":"hide","_kad_post_feature":"hide","_kad_post_feature_position":"","_kad_post_header":false,"_kad_post_footer":false,"_kad_post_classname":"","footnotes":""},"class_list":["post-1034","page","type-page","status-publish","hentry"],"yoast_head":"<!-- This site is optimized with the Yoast SEO plugin v27.4 - https:\/\/yoast.com\/product\/yoast-seo-wordpress\/ -->\n<title>PROMES<\/title>\n<meta name=\"robots\" content=\"index, follow, max-snippet:-1, max-image-preview:large, max-video-preview:-1\" \/>\n<link rel=\"canonical\" href=\"https:\/\/www.sames.org.ar\/index.php\/promes\/\" \/>\n<meta property=\"og:locale\" content=\"es_ES\" \/>\n<meta property=\"og:type\" content=\"article\" \/>\n<meta property=\"og:title\" content=\"PROMES\" \/>\n<meta property=\"og:description\" content=\"Anterior Siguiente ONLINE PROMES &#8211; Programa de Manejo del Estr\u00e9s \u201cEl objetivo de este Programa es ampliar y entender el concepto del S\u00edndrome del Estr\u00e9s para poder observar c\u00f3mo \u00e9ste afecta nuestro cuerpo, mente, v\u00ednculos, vida laboral y emocional. Recuerde: No se puede combatir al enemigo que no se conoce. De esta forma, este programa...\" \/>\n<meta property=\"og:url\" content=\"https:\/\/www.sames.org.ar\/index.php\/promes\/\" \/>\n<meta property=\"og:site_name\" content=\"Sames\" \/>\n<meta property=\"article:modified_time\" content=\"2021-03-04T23:47:49+00:00\" \/>\n<meta property=\"og:image\" content=\"https:\/\/www.sames.org.ar\/wp-content\/uploads\/2021\/02\/promes2.jpg\" \/>\n<meta name=\"twitter:card\" content=\"summary_large_image\" \/>\n<meta name=\"twitter:label1\" content=\"Tiempo de lectura\" \/>\n\t<meta name=\"twitter:data1\" content=\"1 minuto\" \/>\n<script type=\"application\/ld+json\" class=\"yoast-schema-graph\">{\"@context\":\"https:\\\/\\\/schema.org\",\"@graph\":[{\"@type\":\"WebPage\",\"@id\":\"https:\\\/\\\/www.sames.org.ar\\\/index.php\\\/promes\\\/\",\"url\":\"https:\\\/\\\/www.sames.org.ar\\\/index.php\\\/promes\\\/\",\"name\":\"PROMES\",\"isPartOf\":{\"@id\":\"https:\\\/\\\/www.sames.org.ar\\\/#website\"},\"primaryImageOfPage\":{\"@id\":\"https:\\\/\\\/www.sames.org.ar\\\/index.php\\\/promes\\\/#primaryimage\"},\"image\":{\"@id\":\"https:\\\/\\\/www.sames.org.ar\\\/index.php\\\/promes\\\/#primaryimage\"},\"thumbnailUrl\":\"https:\\\/\\\/www.sames.org.ar\\\/wp-content\\\/uploads\\\/2021\\\/02\\\/promes2.jpg\",\"datePublished\":\"2021-02-10T19:40:59+00:00\",\"dateModified\":\"2021-03-04T23:47:49+00:00\",\"breadcrumb\":{\"@id\":\"https:\\\/\\\/www.sames.org.ar\\\/index.php\\\/promes\\\/#breadcrumb\"},\"inLanguage\":\"es-AR\",\"potentialAction\":[{\"@type\":\"ReadAction\",\"target\":[\"https:\\\/\\\/www.sames.org.ar\\\/index.php\\\/promes\\\/\"]}]},{\"@type\":\"ImageObject\",\"inLanguage\":\"es-AR\",\"@id\":\"https:\\\/\\\/www.sames.org.ar\\\/index.php\\\/promes\\\/#primaryimage\",\"url\":\"https:\\\/\\\/www.sames.org.ar\\\/wp-content\\\/uploads\\\/2021\\\/02\\\/promes2.jpg\",\"contentUrl\":\"https:\\\/\\\/www.sames.org.ar\\\/wp-content\\\/uploads\\\/2021\\\/02\\\/promes2.jpg\",\"width\":482,\"height\":427},{\"@type\":\"BreadcrumbList\",\"@id\":\"https:\\\/\\\/www.sames.org.ar\\\/index.php\\\/promes\\\/#breadcrumb\",\"itemListElement\":[{\"@type\":\"ListItem\",\"position\":1,\"name\":\"Inicio\",\"item\":\"https:\\\/\\\/www.sames.org.ar\\\/\"},{\"@type\":\"ListItem\",\"position\":2,\"name\":\"PROMES\"}]},{\"@type\":\"WebSite\",\"@id\":\"https:\\\/\\\/www.sames.org.ar\\\/#website\",\"url\":\"https:\\\/\\\/www.sames.org.ar\\\/\",\"name\":\"Sames\",\"description\":\"Sociedad Argentina de medicina del Estres\",\"publisher\":{\"@id\":\"https:\\\/\\\/www.sames.org.ar\\\/#organization\"},\"potentialAction\":[{\"@type\":\"SearchAction\",\"target\":{\"@type\":\"EntryPoint\",\"urlTemplate\":\"https:\\\/\\\/www.sames.org.ar\\\/?s={search_term_string}\"},\"query-input\":{\"@type\":\"PropertyValueSpecification\",\"valueRequired\":true,\"valueName\":\"search_term_string\"}}],\"inLanguage\":\"es-AR\"},{\"@type\":\"Organization\",\"@id\":\"https:\\\/\\\/www.sames.org.ar\\\/#organization\",\"name\":\"Sames\",\"url\":\"https:\\\/\\\/www.sames.org.ar\\\/\",\"logo\":{\"@type\":\"ImageObject\",\"inLanguage\":\"es-AR\",\"@id\":\"https:\\\/\\\/www.sames.org.ar\\\/#\\\/schema\\\/logo\\\/image\\\/\",\"url\":\"https:\\\/\\\/www.sames.org.ar\\\/wp-content\\\/uploads\\\/2021\\\/01\\\/cropped-cropped-cropped-logo_sames.png\",\"contentUrl\":\"https:\\\/\\\/www.sames.org.ar\\\/wp-content\\\/uploads\\\/2021\\\/01\\\/cropped-cropped-cropped-logo_sames.png\",\"width\":466,\"height\":110,\"caption\":\"Sames\"},\"image\":{\"@id\":\"https:\\\/\\\/www.sames.org.ar\\\/#\\\/schema\\\/logo\\\/image\\\/\"}}]}<\/script>\n<!-- \/ Yoast SEO plugin. -->","yoast_head_json":{"title":"PROMES","robots":{"index":"index","follow":"follow","max-snippet":"max-snippet:-1","max-image-preview":"max-image-preview:large","max-video-preview":"max-video-preview:-1"},"canonical":"https:\/\/www.sames.org.ar\/index.php\/promes\/","og_locale":"es_ES","og_type":"article","og_title":"PROMES","og_description":"Anterior Siguiente ONLINE PROMES &#8211; Programa de Manejo del Estr\u00e9s \u201cEl objetivo de este Programa es ampliar y entender el concepto del S\u00edndrome del Estr\u00e9s para poder observar c\u00f3mo \u00e9ste afecta nuestro cuerpo, mente, v\u00ednculos, vida laboral y emocional. Recuerde: No se puede combatir al enemigo que no se conoce. De esta forma, este programa...","og_url":"https:\/\/www.sames.org.ar\/index.php\/promes\/","og_site_name":"Sames","article_modified_time":"2021-03-04T23:47:49+00:00","og_image":[{"url":"https:\/\/www.sames.org.ar\/wp-content\/uploads\/2021\/02\/promes2.jpg","type":"","width":"","height":""}],"twitter_card":"summary_large_image","twitter_misc":{"Tiempo de lectura":"1 minuto"},"schema":{"@context":"https:\/\/schema.org","@graph":[{"@type":"WebPage","@id":"https:\/\/www.sames.org.ar\/index.php\/promes\/","url":"https:\/\/www.sames.org.ar\/index.php\/promes\/","name":"PROMES","isPartOf":{"@id":"https:\/\/www.sames.org.ar\/#website"},"primaryImageOfPage":{"@id":"https:\/\/www.sames.org.ar\/index.php\/promes\/#primaryimage"},"image":{"@id":"https:\/\/www.sames.org.ar\/index.php\/promes\/#primaryimage"},"thumbnailUrl":"https:\/\/www.sames.org.ar\/wp-content\/uploads\/2021\/02\/promes2.jpg","datePublished":"2021-02-10T19:40:59+00:00","dateModified":"2021-03-04T23:47:49+00:00","breadcrumb":{"@id":"https:\/\/www.sames.org.ar\/index.php\/promes\/#breadcrumb"},"inLanguage":"es-AR","potentialAction":[{"@type":"ReadAction","target":["https:\/\/www.sames.org.ar\/index.php\/promes\/"]}]},{"@type":"ImageObject","inLanguage":"es-AR","@id":"https:\/\/www.sames.org.ar\/index.php\/promes\/#primaryimage","url":"https:\/\/www.sames.org.ar\/wp-content\/uploads\/2021\/02\/promes2.jpg","contentUrl":"https:\/\/www.sames.org.ar\/wp-content\/uploads\/2021\/02\/promes2.jpg","width":482,"height":427},{"@type":"BreadcrumbList","@id":"https:\/\/www.sames.org.ar\/index.php\/promes\/#breadcrumb","itemListElement":[{"@type":"ListItem","position":1,"name":"Inicio","item":"https:\/\/www.sames.org.ar\/"},{"@type":"ListItem","position":2,"name":"PROMES"}]},{"@type":"WebSite","@id":"https:\/\/www.sames.org.ar\/#website","url":"https:\/\/www.sames.org.ar\/","name":"Sames","description":"Sociedad Argentina de medicina del Estres","publisher":{"@id":"https:\/\/www.sames.org.ar\/#organization"},"potentialAction":[{"@type":"SearchAction","target":{"@type":"EntryPoint","urlTemplate":"https:\/\/www.sames.org.ar\/?s={search_term_string}"},"query-input":{"@type":"PropertyValueSpecification","valueRequired":true,"valueName":"search_term_string"}}],"inLanguage":"es-AR"},{"@type":"Organization","@id":"https:\/\/www.sames.org.ar\/#organization","name":"Sames","url":"https:\/\/www.sames.org.ar\/","logo":{"@type":"ImageObject","inLanguage":"es-AR","@id":"https:\/\/www.sames.org.ar\/#\/schema\/logo\/image\/","url":"https:\/\/www.sames.org.ar\/wp-content\/uploads\/2021\/01\/cropped-cropped-cropped-logo_sames.png","contentUrl":"https:\/\/www.sames.org.ar\/wp-content\/uploads\/2021\/01\/cropped-cropped-cropped-logo_sames.png","width":466,"height":110,"caption":"Sames"},"image":{"@id":"https:\/\/www.sames.org.ar\/#\/schema\/logo\/image\/"}}]}},"_links":{"self":[{"href":"https:\/\/www.sames.org.ar\/index.php\/wp-json\/wp\/v2\/pages\/1034","targetHints":{"allow":["GET"]}}],"collection":[{"href":"https:\/\/www.sames.org.ar\/index.php\/wp-json\/wp\/v2\/pages"}],"about":[{"href":"https:\/\/www.sames.org.ar\/index.php\/wp-json\/wp\/v2\/types\/page"}],"author":[{"embeddable":true,"href":"https:\/\/www.sames.org.ar\/index.php\/wp-json\/wp\/v2\/users\/1"}],"replies":[{"embeddable":true,"href":"https:\/\/www.sames.org.ar\/index.php\/wp-json\/wp\/v2\/comments?post=1034"}],"version-history":[{"count":29,"href":"https:\/\/www.sames.org.ar\/index.php\/wp-json\/wp\/v2\/pages\/1034\/revisions"}],"predecessor-version":[{"id":1411,"href":"https:\/\/www.sames.org.ar\/index.php\/wp-json\/wp\/v2\/pages\/1034\/revisions\/1411"}],"wp:attachment":[{"href":"https:\/\/www.sames.org.ar\/index.php\/wp-json\/wp\/v2\/media?parent=1034"}],"curies":[{"name":"wp","href":"https:\/\/api.w.org\/{rel}","templated":true}]}}