{"id":1032,"date":"2021-02-10T16:40:42","date_gmt":"2021-02-10T19:40:42","guid":{"rendered":"https:\/\/www.sames.org.ar\/?page_id=1032"},"modified":"2025-08-23T20:09:23","modified_gmt":"2025-08-23T23:09:23","slug":"curso-tcc","status":"publish","type":"page","link":"https:\/\/www.sames.org.ar\/index.php\/curso-tcc\/","title":{"rendered":"Curso TCC"},"content":{"rendered":"\t\t<div data-elementor-type=\"wp-page\" data-elementor-id=\"1032\" class=\"elementor elementor-1032\">\n\t\t\t\t\t\t<section class=\"elementor-section elementor-top-section elementor-element elementor-element-82595f8 elementor-section-boxed elementor-section-height-default elementor-section-height-default\" data-id=\"82595f8\" data-element_type=\"section\" data-e-type=\"section\">\n\t\t\t\t\t\t<div class=\"elementor-container elementor-column-gap-default\">\n\t\t\t\t\t<div class=\"elementor-column elementor-col-100 elementor-top-column elementor-element elementor-element-a243409\" data-id=\"a243409\" data-element_type=\"column\" data-e-type=\"column\">\n\t\t\t<div class=\"elementor-widget-wrap elementor-element-populated\">\n\t\t\t\t\t\t<div class=\"elementor-element elementor-element-86f6d02 elementor-widget elementor-widget-heading\" data-id=\"86f6d02\" data-element_type=\"widget\" data-e-type=\"widget\" data-widget_type=\"heading.default\">\n\t\t\t\t<div class=\"elementor-widget-container\">\n\t\t\t\t\t<h2 class=\"elementor-heading-title elementor-size-default\">Introducci\u00f3n a la Psicolog\u00eda Cognitiva Comportamental:\nFundamentos y t\u00e9cnicas de intervenci\u00f3n - TCC<\/h2>\t\t\t\t<\/div>\n\t\t\t\t<\/div>\n\t\t\t\t<div class=\"elementor-element elementor-element-86bdf14 elementor-widget-divider--view-line elementor-widget elementor-widget-divider\" data-id=\"86bdf14\" data-element_type=\"widget\" data-e-type=\"widget\" data-widget_type=\"divider.default\">\n\t\t\t\t<div class=\"elementor-widget-container\">\n\t\t\t\t\t\t\t<div class=\"elementor-divider\">\n\t\t\t<span class=\"elementor-divider-separator\">\n\t\t\t\t\t\t<\/span>\n\t\t<\/div>\n\t\t\t\t\t\t<\/div>\n\t\t\t\t<\/div>\n\t\t\t\t\t<\/div>\n\t\t<\/div>\n\t\t\t\t\t<\/div>\n\t\t<\/section>\n\t\t\t\t<section class=\"elementor-section elementor-top-section elementor-element elementor-element-45a262f elementor-section-boxed elementor-section-height-default elementor-section-height-default\" data-id=\"45a262f\" data-element_type=\"section\" data-e-type=\"section\">\n\t\t\t\t\t\t<div class=\"elementor-container elementor-column-gap-default\">\n\t\t\t\t\t<div class=\"elementor-column elementor-col-100 elementor-top-column elementor-element elementor-element-dd4dafd\" data-id=\"dd4dafd\" data-element_type=\"column\" data-e-type=\"column\">\n\t\t\t<div class=\"elementor-widget-wrap elementor-element-populated\">\n\t\t\t\t\t\t<div class=\"elementor-element elementor-element-fd3de8b elementor-widget elementor-widget-text-editor\" data-id=\"fd3de8b\" data-element_type=\"widget\" data-e-type=\"widget\" data-widget_type=\"text-editor.default\">\n\t\t\t\t<div class=\"elementor-widget-container\">\n\t\t\t\t\t\t\t\t\t<p>MODALIDAD ONLINE<br \/>Inicio de cursada:\u00a0 8 de septiembre de 2025<\/p>\t\t\t\t\t\t\t\t<\/div>\n\t\t\t\t<\/div>\n\t\t\t\t<div class=\"elementor-element elementor-element-6b05bb8 elementor-widget elementor-widget-accordion\" data-id=\"6b05bb8\" data-element_type=\"widget\" data-e-type=\"widget\" data-widget_type=\"accordion.default\">\n\t\t\t\t<div class=\"elementor-widget-container\">\n\t\t\t\t\t\t\t<div class=\"elementor-accordion\">\n\t\t\t\t\t\t\t<div class=\"elementor-accordion-item\">\n\t\t\t\t\t<div id=\"elementor-tab-title-1121\" class=\"elementor-tab-title\" data-tab=\"1\" role=\"button\" aria-controls=\"elementor-tab-content-1121\" aria-expanded=\"false\">\n\t\t\t\t\t\t\t\t\t\t\t\t\t<span class=\"elementor-accordion-icon elementor-accordion-icon-right\" aria-hidden=\"true\">\n\t\t\t\t\t\t\t\t\t\t\t\t\t\t\t<span class=\"elementor-accordion-icon-closed\"><i class=\"fas fa-plus\"><\/i><\/span>\n\t\t\t\t\t\t\t\t<span class=\"elementor-accordion-icon-opened\"><i class=\"fas fa-minus\"><\/i><\/span>\n\t\t\t\t\t\t\t\t\t\t\t\t\t\t<\/span>\n\t\t\t\t\t\t\t\t\t\t\t\t<a class=\"elementor-accordion-title\" tabindex=\"0\">DESCRIPCI\u00d3N<\/a>\n\t\t\t\t\t<\/div>\n\t\t\t\t\t<div id=\"elementor-tab-content-1121\" class=\"elementor-tab-content elementor-clearfix\" data-tab=\"1\" role=\"region\" aria-labelledby=\"elementor-tab-title-1121\"><p>La\u00a0<b>Psicolog\u00eda Cognitiva Comportamental<\/b>\u00a0se ocupa del estudio cient\u00edfico de la cognici\u00f3n. Estudia las estructuras, procesos y representaciones por medio del cual las personas aprehenden, procesan, categorizan y construyen la realidad.<\/p><p><strong>La Terapia cognitiva comportamental (TCC)<\/strong>\u00a0se basa en el Modelo cognitivo, que plantea la hip\u00f3tesis de que las percepciones de los eventos influyen sobre las emociones y los comportamientos de las personas. Las personas pueden sufrir o alterarse por lo que piensan acerca de lo que sucede m\u00e1s que por los hechos en s\u00ed mismos, y en ese proceso intervienen diversos aspectos como las creencias, los esquemas, las distorsiones cognitivas, los pensamientos autom\u00e1ticos y los pensamientos facilitadores, entre otros.<\/p><p>La\u00a0<strong>TCC<\/strong> es un dispositivo terap\u00e9utico que utiliza procedimientos y estrategias de evaluaci\u00f3n, intervenci\u00f3n y valoraci\u00f3n que siguen los pasos propuestos por el m\u00e9todo cient\u00edfico, y se contrastan en investigaciones emp\u00edricas controladas, incluyendo en su pr\u00e1ctica una variedad de recursos que act\u00faan sobre la esfera de la emoci\u00f3n, la cognici\u00f3n y de la conducta.\u00a0<\/p><\/div>\n\t\t\t\t<\/div>\n\t\t\t\t\t\t\t<div class=\"elementor-accordion-item\">\n\t\t\t\t\t<div id=\"elementor-tab-title-1122\" class=\"elementor-tab-title\" data-tab=\"2\" role=\"button\" aria-controls=\"elementor-tab-content-1122\" aria-expanded=\"false\">\n\t\t\t\t\t\t\t\t\t\t\t\t\t<span class=\"elementor-accordion-icon elementor-accordion-icon-right\" aria-hidden=\"true\">\n\t\t\t\t\t\t\t\t\t\t\t\t\t\t\t<span class=\"elementor-accordion-icon-closed\"><i class=\"fas fa-plus\"><\/i><\/span>\n\t\t\t\t\t\t\t\t<span class=\"elementor-accordion-icon-opened\"><i class=\"fas fa-minus\"><\/i><\/span>\n\t\t\t\t\t\t\t\t\t\t\t\t\t\t<\/span>\n\t\t\t\t\t\t\t\t\t\t\t\t<a class=\"elementor-accordion-title\" tabindex=\"0\">PROGRAMA<\/a>\n\t\t\t\t\t<\/div>\n\t\t\t\t\t<div id=\"elementor-tab-content-1122\" class=\"elementor-tab-content elementor-clearfix\" data-tab=\"2\" role=\"region\" aria-labelledby=\"elementor-tab-title-1122\"><p><a href=\"https:\/\/www.sames.org.ar\/wp-content\/uploads\/2025\/08\/PROGRAMAS_Y_PAGO_2025.pdf\"><b>Haga clic aqu\u00ed para descargar la programaci\u00f3n completa y las preguntas frecuentes<\/b><\/a><\/p><\/div>\n\t\t\t\t<\/div>\n\t\t\t\t\t\t\t<div class=\"elementor-accordion-item\">\n\t\t\t\t\t<div id=\"elementor-tab-title-1123\" class=\"elementor-tab-title\" data-tab=\"3\" role=\"button\" aria-controls=\"elementor-tab-content-1123\" aria-expanded=\"false\">\n\t\t\t\t\t\t\t\t\t\t\t\t\t<span class=\"elementor-accordion-icon elementor-accordion-icon-right\" aria-hidden=\"true\">\n\t\t\t\t\t\t\t\t\t\t\t\t\t\t\t<span class=\"elementor-accordion-icon-closed\"><i class=\"fas fa-plus\"><\/i><\/span>\n\t\t\t\t\t\t\t\t<span class=\"elementor-accordion-icon-opened\"><i class=\"fas fa-minus\"><\/i><\/span>\n\t\t\t\t\t\t\t\t\t\t\t\t\t\t<\/span>\n\t\t\t\t\t\t\t\t\t\t\t\t<a class=\"elementor-accordion-title\" tabindex=\"0\">DIRIGIDO A<\/a>\n\t\t\t\t\t<\/div>\n\t\t\t\t\t<div id=\"elementor-tab-content-1123\" class=\"elementor-tab-content elementor-clearfix\" data-tab=\"3\" role=\"region\" aria-labelledby=\"elementor-tab-title-1123\"><p>Psic\u00f3logos, m\u00e9dicos, profesionales de la salud y estudiantes\u00a0<span style=\"background-color: transparent; color: var(--global-palette4); font-family: var(--global-body-font-family);\">avanzados.<\/span><\/p><\/div>\n\t\t\t\t<\/div>\n\t\t\t\t\t\t\t<div class=\"elementor-accordion-item\">\n\t\t\t\t\t<div id=\"elementor-tab-title-1124\" class=\"elementor-tab-title\" data-tab=\"4\" role=\"button\" aria-controls=\"elementor-tab-content-1124\" aria-expanded=\"false\">\n\t\t\t\t\t\t\t\t\t\t\t\t\t<span class=\"elementor-accordion-icon elementor-accordion-icon-right\" aria-hidden=\"true\">\n\t\t\t\t\t\t\t\t\t\t\t\t\t\t\t<span class=\"elementor-accordion-icon-closed\"><i class=\"fas fa-plus\"><\/i><\/span>\n\t\t\t\t\t\t\t\t<span class=\"elementor-accordion-icon-opened\"><i class=\"fas fa-minus\"><\/i><\/span>\n\t\t\t\t\t\t\t\t\t\t\t\t\t\t<\/span>\n\t\t\t\t\t\t\t\t\t\t\t\t<a class=\"elementor-accordion-title\" tabindex=\"0\">MODALIDAD<\/a>\n\t\t\t\t\t<\/div>\n\t\t\t\t\t<div id=\"elementor-tab-content-1124\" class=\"elementor-tab-content elementor-clearfix\" data-tab=\"4\" role=\"region\" aria-labelledby=\"elementor-tab-title-1124\"><p>Curso Virtual &#8211; (las clases est\u00e1n alojadas en la plataforma de\u00a0<span style=\"background-color: transparent; color: var(--global-palette4); font-family: var(--global-body-font-family);\">cursada)<\/span><\/p><\/div>\n\t\t\t\t<\/div>\n\t\t\t\t\t\t\t<div class=\"elementor-accordion-item\">\n\t\t\t\t\t<div id=\"elementor-tab-title-1125\" class=\"elementor-tab-title\" data-tab=\"5\" role=\"button\" aria-controls=\"elementor-tab-content-1125\" aria-expanded=\"false\">\n\t\t\t\t\t\t\t\t\t\t\t\t\t<span class=\"elementor-accordion-icon elementor-accordion-icon-right\" aria-hidden=\"true\">\n\t\t\t\t\t\t\t\t\t\t\t\t\t\t\t<span class=\"elementor-accordion-icon-closed\"><i class=\"fas fa-plus\"><\/i><\/span>\n\t\t\t\t\t\t\t\t<span class=\"elementor-accordion-icon-opened\"><i class=\"fas fa-minus\"><\/i><\/span>\n\t\t\t\t\t\t\t\t\t\t\t\t\t\t<\/span>\n\t\t\t\t\t\t\t\t\t\t\t\t<a class=\"elementor-accordion-title\" tabindex=\"0\">DURACI\u00d3N<\/a>\n\t\t\t\t\t<\/div>\n\t\t\t\t\t<div id=\"elementor-tab-content-1125\" class=\"elementor-tab-content elementor-clearfix\" data-tab=\"5\" role=\"region\" aria-labelledby=\"elementor-tab-title-1125\"><p>4 semanas + 1 mes de tiempo extra sin cargo (acceso libre al material y evaluaciones)<\/p><\/div>\n\t\t\t\t<\/div>\n\t\t\t\t\t\t\t<div class=\"elementor-accordion-item\">\n\t\t\t\t\t<div id=\"elementor-tab-title-1126\" class=\"elementor-tab-title\" data-tab=\"6\" role=\"button\" aria-controls=\"elementor-tab-content-1126\" aria-expanded=\"false\">\n\t\t\t\t\t\t\t\t\t\t\t\t\t<span class=\"elementor-accordion-icon elementor-accordion-icon-right\" aria-hidden=\"true\">\n\t\t\t\t\t\t\t\t\t\t\t\t\t\t\t<span class=\"elementor-accordion-icon-closed\"><i class=\"fas fa-plus\"><\/i><\/span>\n\t\t\t\t\t\t\t\t<span class=\"elementor-accordion-icon-opened\"><i class=\"fas fa-minus\"><\/i><\/span>\n\t\t\t\t\t\t\t\t\t\t\t\t\t\t<\/span>\n\t\t\t\t\t\t\t\t\t\t\t\t<a class=\"elementor-accordion-title\" tabindex=\"0\">DIRECTORES<\/a>\n\t\t\t\t\t<\/div>\n\t\t\t\t\t<div id=\"elementor-tab-content-1126\" class=\"elementor-tab-content elementor-clearfix\" data-tab=\"6\" role=\"region\" aria-labelledby=\"elementor-tab-title-1126\"><p>Mg. Elizabeth Aranda Coria y\u00a0 Lic. Marcelo Caputo<br \/>Coordinador General:\u00a0 Dr. Daniel L\u00f3pez Rosetti<\/p><\/div>\n\t\t\t\t<\/div>\n\t\t\t\t\t\t\t<div class=\"elementor-accordion-item\">\n\t\t\t\t\t<div id=\"elementor-tab-title-1127\" class=\"elementor-tab-title\" data-tab=\"7\" role=\"button\" aria-controls=\"elementor-tab-content-1127\" aria-expanded=\"false\">\n\t\t\t\t\t\t\t\t\t\t\t\t\t<span class=\"elementor-accordion-icon elementor-accordion-icon-right\" aria-hidden=\"true\">\n\t\t\t\t\t\t\t\t\t\t\t\t\t\t\t<span class=\"elementor-accordion-icon-closed\"><i class=\"fas fa-plus\"><\/i><\/span>\n\t\t\t\t\t\t\t\t<span class=\"elementor-accordion-icon-opened\"><i class=\"fas fa-minus\"><\/i><\/span>\n\t\t\t\t\t\t\t\t\t\t\t\t\t\t<\/span>\n\t\t\t\t\t\t\t\t\t\t\t\t<a class=\"elementor-accordion-title\" tabindex=\"0\">ARANCELES Y MEDIOS  DE PAGO<\/a>\n\t\t\t\t\t<\/div>\n\t\t\t\t\t<div id=\"elementor-tab-content-1127\" class=\"elementor-tab-content elementor-clearfix\" data-tab=\"7\" role=\"region\" aria-labelledby=\"elementor-tab-title-1127\"><p>Aranceles Curso <em>\u00a0<\/em><strong>para residentes en Argentina<\/strong><\/p><ul><li>Arancel Gral.: <strong>$ 160.000.-<\/strong><\/li><li>Socios SAMES:<strong> $ 144.000.-<\/strong>\u00a0<\/li><\/ul><p>Aranceles Curso <em>\u00a0<\/em><strong>para residentes en el\u00a0 Exterior<\/strong><\/p><ul><li>Arancel Gral: <strong style=\"font-family: var(--global-body-font-family);\">U$S 180.-<\/strong><\/li><li>Socios SAMES: <strong>U$s<\/strong> <strong style=\"font-family: var(--global-body-font-family);\"><strong style=\"font-family: var(--global-body-font-family);\">$ 162.-<\/strong><br \/><\/strong><\/li><\/ul><p><b>PROMOCI\u00d3N inscripci\u00f3n 3 cursos:\u00a0 \u00a0&#8220;Introducci\u00f3n a la Psicolog\u00eda Cognitiva Comportamental&#8221; + &#8220;Trastornos de Ansiedad&#8221; + &#8220;Psicolog\u00eda Positiva &amp; Estr\u00e9s&#8221;:<\/b><br \/>Residentes Argentina <strong>$ 410.000.-<\/strong><br \/>Socios SAMES <strong>$ 369.000.-<\/strong><br \/>Residentes exterior: <strong>U$S 440.-<\/strong> <br \/>Socios SAMES <strong>U$S 396 .-<\/strong><\/p><h6>Medios de pago ARGENTINA:\u00a0<span style=\"background-color: rgba(0, 0, 0, 0);\">Transferencia o dep\u00f3sito:<\/span><\/h6><h6><span style=\"font-weight: normal;\">Sociedad Argentina de Medicina del Estr\u00e9s:\u00a0<\/span><\/h6><ul><li><span style=\"font-weight: normal;\">Banco Franc\u00e9s (CC $) 174-000454\/1<\/span><\/li><li><span style=\"font-weight: normal;\">CBU: 0170174220000000045416<\/span><\/li><li><span style=\"font-weight: normal;\">CUIT: 33-70714157-9<\/span><\/li><\/ul><h6>\u00a0<span style=\"background-color: rgba(0, 0, 0, 0);\">Medios de pago EXTRANJERO: <a href=\"https:\/\/www.sames.org.ar\/wp-content\/uploads\/2025\/08\/Datos_EXTRANJERO.pdf\">Haga click aqu\u00ed para descargar informaci\u00f3n<\/a><\/span><\/h6><h6>\u00a0<\/h6><\/div>\n\t\t\t\t<\/div>\n\t\t\t\t\t\t\t<div class=\"elementor-accordion-item\">\n\t\t\t\t\t<div id=\"elementor-tab-title-1128\" class=\"elementor-tab-title\" data-tab=\"8\" role=\"button\" aria-controls=\"elementor-tab-content-1128\" aria-expanded=\"false\">\n\t\t\t\t\t\t\t\t\t\t\t\t\t<span class=\"elementor-accordion-icon elementor-accordion-icon-right\" aria-hidden=\"true\">\n\t\t\t\t\t\t\t\t\t\t\t\t\t\t\t<span class=\"elementor-accordion-icon-closed\"><i class=\"fas fa-plus\"><\/i><\/span>\n\t\t\t\t\t\t\t\t<span class=\"elementor-accordion-icon-opened\"><i class=\"fas fa-minus\"><\/i><\/span>\n\t\t\t\t\t\t\t\t\t\t\t\t\t\t<\/span>\n\t\t\t\t\t\t\t\t\t\t\t\t<a class=\"elementor-accordion-title\" tabindex=\"0\">INSCRIPCI\u00d3N <\/a>\n\t\t\t\t\t<\/div>\n\t\t\t\t\t<div id=\"elementor-tab-content-1128\" class=\"elementor-tab-content elementor-clearfix\" data-tab=\"8\" role=\"region\" aria-labelledby=\"elementor-tab-title-1128\"><p><strong>\u00bfC\u00f3mo me inscribo?<\/strong><\/p><ol><li>\u00a0Abonar el o los cursos de inter\u00e9s.<\/li><li>\u00a0Completar el formulario de inscripci\u00f3n a continuaci\u00f3n:\u00a0<b><a href=\"https:\/\/docs.google.com\/forms\/d\/e\/1FAIpQLSfyfJIsSOw4I__uU1_9NBFXhR4CUzJhokDQz1KUPICXqXVNFA\/viewform?usp=header\">INSCRIPCI\u00d3N 2025<\/a>\u00a0<\/b><\/li><\/ol><ul><li><span style=\"background-color: rgba(0, 0, 0, 0);\">Al final del formulario se le solicitar\u00e1 que adjunte el comprobante de transferencia bancaria \/ dep\u00f3sito o que indique el n\u00famero de operaci\u00f3n de <i>Western Union<\/i>.<\/span><\/li><\/ul><\/div>\n\t\t\t\t<\/div>\n\t\t\t\t\t\t\t<div class=\"elementor-accordion-item\">\n\t\t\t\t\t<div id=\"elementor-tab-title-1129\" class=\"elementor-tab-title\" data-tab=\"9\" role=\"button\" aria-controls=\"elementor-tab-content-1129\" aria-expanded=\"false\">\n\t\t\t\t\t\t\t\t\t\t\t\t\t<span class=\"elementor-accordion-icon elementor-accordion-icon-right\" aria-hidden=\"true\">\n\t\t\t\t\t\t\t\t\t\t\t\t\t\t\t<span class=\"elementor-accordion-icon-closed\"><i class=\"fas fa-plus\"><\/i><\/span>\n\t\t\t\t\t\t\t\t<span class=\"elementor-accordion-icon-opened\"><i class=\"fas fa-minus\"><\/i><\/span>\n\t\t\t\t\t\t\t\t\t\t\t\t\t\t<\/span>\n\t\t\t\t\t\t\t\t\t\t\t\t<a class=\"elementor-accordion-title\" tabindex=\"0\">DATOS DE CONTACTO<\/a>\n\t\t\t\t\t<\/div>\n\t\t\t\t\t<div id=\"elementor-tab-content-1129\" class=\"elementor-tab-content elementor-clearfix\" data-tab=\"9\" role=\"region\" aria-labelledby=\"elementor-tab-title-1129\"><p><a href=\"mailto:samescursos@gmail.com\">samescursos@gmail.com<\/a><br \/>Whatsapp: 11-6277-6077<\/p><\/div>\n\t\t\t\t<\/div>\n\t\t\t\t\t\t\t\t<\/div>\n\t\t\t\t\t\t<\/div>\n\t\t\t\t<\/div>\n\t\t\t\t<div class=\"elementor-element elementor-element-25d92e1 elementor-widget elementor-widget-spacer\" data-id=\"25d92e1\" data-element_type=\"widget\" data-e-type=\"widget\" data-widget_type=\"spacer.default\">\n\t\t\t\t<div class=\"elementor-widget-container\">\n\t\t\t\t\t\t\t<div class=\"elementor-spacer\">\n\t\t\t<div class=\"elementor-spacer-inner\"><\/div>\n\t\t<\/div>\n\t\t\t\t\t\t<\/div>\n\t\t\t\t<\/div>\n\t\t\t\t\t<\/div>\n\t\t<\/div>\n\t\t\t\t\t<\/div>\n\t\t<\/section>\n\t\t\t\t<\/div>\n\t\t","protected":false},"excerpt":{"rendered":"<p>Introducci\u00f3n a la Psicolog\u00eda Cognitiva Comportamental: Fundamentos y t\u00e9cnicas de intervenci\u00f3n &#8211; TCC MODALIDAD ONLINEInicio de cursada:\u00a0 8 de septiembre de 2025 DESCRIPCI\u00d3N La\u00a0Psicolog\u00eda Cognitiva Comportamental\u00a0se ocupa del estudio cient\u00edfico de la cognici\u00f3n. Estudia las estructuras, procesos y representaciones por medio del cual las personas aprehenden, procesan, categorizan y construyen la realidad. La Terapia cognitiva&#8230;<\/p>\n","protected":false},"author":1,"featured_media":0,"parent":0,"menu_order":0,"comment_status":"closed","ping_status":"closed","template":"","meta":{"_kad_post_transparent":"default","_kad_post_title":"above","_kad_post_layout":"fullwidth","_kad_post_sidebar_id":"","_kad_post_content_style":"unboxed","_kad_post_vertical_padding":"hide","_kad_post_feature":"hide","_kad_post_feature_position":"","_kad_post_header":false,"_kad_post_footer":false,"_kad_post_classname":"","footnotes":""},"class_list":["post-1032","page","type-page","status-publish","hentry"],"yoast_head":"<!-- This site is optimized with the Yoast SEO plugin v27.4 - https:\/\/yoast.com\/product\/yoast-seo-wordpress\/ -->\n<title>Cursos cortos Sames<\/title>\n<meta name=\"robots\" content=\"index, follow, max-snippet:-1, max-image-preview:large, max-video-preview:-1\" \/>\n<link rel=\"canonical\" href=\"https:\/\/www.sames.org.ar\/index.php\/curso-tcc\/\" \/>\n<meta property=\"og:locale\" content=\"es_ES\" \/>\n<meta property=\"og:type\" content=\"article\" \/>\n<meta property=\"og:title\" content=\"Cursos cortos Sames\" \/>\n<meta property=\"og:description\" content=\"Introducci\u00f3n a la Psicolog\u00eda Cognitiva Comportamental: Fundamentos y t\u00e9cnicas de intervenci\u00f3n &#8211; TCC MODALIDAD ONLINEInicio de cursada:\u00a0 8 de septiembre de 2025 DESCRIPCI\u00d3N La\u00a0Psicolog\u00eda Cognitiva Comportamental\u00a0se ocupa del estudio cient\u00edfico de la cognici\u00f3n. Estudia las estructuras, procesos y representaciones por medio del cual las personas aprehenden, procesan, categorizan y construyen la realidad. La Terapia cognitiva...\" \/>\n<meta property=\"og:url\" content=\"https:\/\/www.sames.org.ar\/index.php\/curso-tcc\/\" \/>\n<meta property=\"og:site_name\" content=\"Sames\" \/>\n<meta property=\"article:modified_time\" content=\"2025-08-23T23:09:23+00:00\" \/>\n<meta name=\"twitter:card\" content=\"summary_large_image\" \/>\n<meta name=\"twitter:label1\" content=\"Tiempo de lectura\" \/>\n\t<meta name=\"twitter:data1\" content=\"2 minutos\" \/>\n<script type=\"application\/ld+json\" class=\"yoast-schema-graph\">{\"@context\":\"https:\\\/\\\/schema.org\",\"@graph\":[{\"@type\":\"WebPage\",\"@id\":\"https:\\\/\\\/www.sames.org.ar\\\/index.php\\\/curso-tcc\\\/\",\"url\":\"https:\\\/\\\/www.sames.org.ar\\\/index.php\\\/curso-tcc\\\/\",\"name\":\"Cursos cortos Sames\",\"isPartOf\":{\"@id\":\"https:\\\/\\\/www.sames.org.ar\\\/#website\"},\"datePublished\":\"2021-02-10T19:40:42+00:00\",\"dateModified\":\"2025-08-23T23:09:23+00:00\",\"breadcrumb\":{\"@id\":\"https:\\\/\\\/www.sames.org.ar\\\/index.php\\\/curso-tcc\\\/#breadcrumb\"},\"inLanguage\":\"es-AR\",\"potentialAction\":[{\"@type\":\"ReadAction\",\"target\":[\"https:\\\/\\\/www.sames.org.ar\\\/index.php\\\/curso-tcc\\\/\"]}]},{\"@type\":\"BreadcrumbList\",\"@id\":\"https:\\\/\\\/www.sames.org.ar\\\/index.php\\\/curso-tcc\\\/#breadcrumb\",\"itemListElement\":[{\"@type\":\"ListItem\",\"position\":1,\"name\":\"Inicio\",\"item\":\"https:\\\/\\\/www.sames.org.ar\\\/\"},{\"@type\":\"ListItem\",\"position\":2,\"name\":\"Curso TCC\"}]},{\"@type\":\"WebSite\",\"@id\":\"https:\\\/\\\/www.sames.org.ar\\\/#website\",\"url\":\"https:\\\/\\\/www.sames.org.ar\\\/\",\"name\":\"Sames\",\"description\":\"Sociedad Argentina de medicina del Estres\",\"publisher\":{\"@id\":\"https:\\\/\\\/www.sames.org.ar\\\/#organization\"},\"potentialAction\":[{\"@type\":\"SearchAction\",\"target\":{\"@type\":\"EntryPoint\",\"urlTemplate\":\"https:\\\/\\\/www.sames.org.ar\\\/?s={search_term_string}\"},\"query-input\":{\"@type\":\"PropertyValueSpecification\",\"valueRequired\":true,\"valueName\":\"search_term_string\"}}],\"inLanguage\":\"es-AR\"},{\"@type\":\"Organization\",\"@id\":\"https:\\\/\\\/www.sames.org.ar\\\/#organization\",\"name\":\"Sames\",\"url\":\"https:\\\/\\\/www.sames.org.ar\\\/\",\"logo\":{\"@type\":\"ImageObject\",\"inLanguage\":\"es-AR\",\"@id\":\"https:\\\/\\\/www.sames.org.ar\\\/#\\\/schema\\\/logo\\\/image\\\/\",\"url\":\"https:\\\/\\\/www.sames.org.ar\\\/wp-content\\\/uploads\\\/2021\\\/01\\\/cropped-cropped-cropped-logo_sames.png\",\"contentUrl\":\"https:\\\/\\\/www.sames.org.ar\\\/wp-content\\\/uploads\\\/2021\\\/01\\\/cropped-cropped-cropped-logo_sames.png\",\"width\":466,\"height\":110,\"caption\":\"Sames\"},\"image\":{\"@id\":\"https:\\\/\\\/www.sames.org.ar\\\/#\\\/schema\\\/logo\\\/image\\\/\"}}]}<\/script>\n<!-- \/ Yoast SEO plugin. -->","yoast_head_json":{"title":"Cursos cortos Sames","robots":{"index":"index","follow":"follow","max-snippet":"max-snippet:-1","max-image-preview":"max-image-preview:large","max-video-preview":"max-video-preview:-1"},"canonical":"https:\/\/www.sames.org.ar\/index.php\/curso-tcc\/","og_locale":"es_ES","og_type":"article","og_title":"Cursos cortos Sames","og_description":"Introducci\u00f3n a la Psicolog\u00eda Cognitiva Comportamental: Fundamentos y t\u00e9cnicas de intervenci\u00f3n &#8211; TCC MODALIDAD ONLINEInicio de cursada:\u00a0 8 de septiembre de 2025 DESCRIPCI\u00d3N La\u00a0Psicolog\u00eda Cognitiva Comportamental\u00a0se ocupa del estudio cient\u00edfico de la cognici\u00f3n. Estudia las estructuras, procesos y representaciones por medio del cual las personas aprehenden, procesan, categorizan y construyen la realidad. La Terapia cognitiva...","og_url":"https:\/\/www.sames.org.ar\/index.php\/curso-tcc\/","og_site_name":"Sames","article_modified_time":"2025-08-23T23:09:23+00:00","twitter_card":"summary_large_image","twitter_misc":{"Tiempo de lectura":"2 minutos"},"schema":{"@context":"https:\/\/schema.org","@graph":[{"@type":"WebPage","@id":"https:\/\/www.sames.org.ar\/index.php\/curso-tcc\/","url":"https:\/\/www.sames.org.ar\/index.php\/curso-tcc\/","name":"Cursos cortos Sames","isPartOf":{"@id":"https:\/\/www.sames.org.ar\/#website"},"datePublished":"2021-02-10T19:40:42+00:00","dateModified":"2025-08-23T23:09:23+00:00","breadcrumb":{"@id":"https:\/\/www.sames.org.ar\/index.php\/curso-tcc\/#breadcrumb"},"inLanguage":"es-AR","potentialAction":[{"@type":"ReadAction","target":["https:\/\/www.sames.org.ar\/index.php\/curso-tcc\/"]}]},{"@type":"BreadcrumbList","@id":"https:\/\/www.sames.org.ar\/index.php\/curso-tcc\/#breadcrumb","itemListElement":[{"@type":"ListItem","position":1,"name":"Inicio","item":"https:\/\/www.sames.org.ar\/"},{"@type":"ListItem","position":2,"name":"Curso TCC"}]},{"@type":"WebSite","@id":"https:\/\/www.sames.org.ar\/#website","url":"https:\/\/www.sames.org.ar\/","name":"Sames","description":"Sociedad Argentina de medicina del Estres","publisher":{"@id":"https:\/\/www.sames.org.ar\/#organization"},"potentialAction":[{"@type":"SearchAction","target":{"@type":"EntryPoint","urlTemplate":"https:\/\/www.sames.org.ar\/?s={search_term_string}"},"query-input":{"@type":"PropertyValueSpecification","valueRequired":true,"valueName":"search_term_string"}}],"inLanguage":"es-AR"},{"@type":"Organization","@id":"https:\/\/www.sames.org.ar\/#organization","name":"Sames","url":"https:\/\/www.sames.org.ar\/","logo":{"@type":"ImageObject","inLanguage":"es-AR","@id":"https:\/\/www.sames.org.ar\/#\/schema\/logo\/image\/","url":"https:\/\/www.sames.org.ar\/wp-content\/uploads\/2021\/01\/cropped-cropped-cropped-logo_sames.png","contentUrl":"https:\/\/www.sames.org.ar\/wp-content\/uploads\/2021\/01\/cropped-cropped-cropped-logo_sames.png","width":466,"height":110,"caption":"Sames"},"image":{"@id":"https:\/\/www.sames.org.ar\/#\/schema\/logo\/image\/"}}]}},"_links":{"self":[{"href":"https:\/\/www.sames.org.ar\/index.php\/wp-json\/wp\/v2\/pages\/1032","targetHints":{"allow":["GET"]}}],"collection":[{"href":"https:\/\/www.sames.org.ar\/index.php\/wp-json\/wp\/v2\/pages"}],"about":[{"href":"https:\/\/www.sames.org.ar\/index.php\/wp-json\/wp\/v2\/types\/page"}],"author":[{"embeddable":true,"href":"https:\/\/www.sames.org.ar\/index.php\/wp-json\/wp\/v2\/users\/1"}],"replies":[{"embeddable":true,"href":"https:\/\/www.sames.org.ar\/index.php\/wp-json\/wp\/v2\/comments?post=1032"}],"version-history":[{"count":217,"href":"https:\/\/www.sames.org.ar\/index.php\/wp-json\/wp\/v2\/pages\/1032\/revisions"}],"predecessor-version":[{"id":23998,"href":"https:\/\/www.sames.org.ar\/index.php\/wp-json\/wp\/v2\/pages\/1032\/revisions\/23998"}],"wp:attachment":[{"href":"https:\/\/www.sames.org.ar\/index.php\/wp-json\/wp\/v2\/media?parent=1032"}],"curies":[{"name":"wp","href":"https:\/\/api.w.org\/{rel}","templated":true}]}}